{"id":44231,"date":"2022-01-14T22:04:03","date_gmt":"2022-01-14T21:04:03","guid":{"rendered":"https:\/\/www.coquard.fr\/produit\/cuve-500-l-palettisee-non-isolee-en-inox"},"modified":"2026-04-18T00:09:17","modified_gmt":"2026-04-17T22:09:17","slug":"cuve-500-l-palettisee-non-isolee-en-inox","status":"publish","type":"product","link":"https:\/\/www.coquard.fr\/es\/produit\/cuve-500-l-palettisee-non-isolee-en-inox","title":{"rendered":"CONTENEDOR 500L PALETIZADO NO AISLADO DE ACERO INOXIDABLE"},"content":{"rendered":"<p>Contenedor de transporte con una capacidad de 500 litros. Cuba de acero inoxidable no aislada sobre base paletizada. Tapa herm\u00e9tica con cierre r\u00e1pido y provista de un respiradero. Bola de lavado, entrada SMS 38 macho integrada en la tapa. Vaciado en di\u00e1metro 51 SMS macho sin v\u00e1lvula. Dimensiones: ancho: 1150 mm &#8211; profundidad: 1200 mm &#8211; altura total: 940 mm.<\/p>\n","protected":false},"excerpt":{"rendered":"<p>44231<\/p>\n","protected":false},"featured_media":24005,"comment_status":"closed","ping_status":"closed","template":"","meta":{"_acf_changed":false},"product_brand":[],"product_cat":[1533],"product_tag":[],"class_list":{"0":"post-44231","1":"product","2":"type-product","3":"status-publish","4":"has-post-thumbnail","6":"product_cat-tanques-de-leche-y-cisternas","8":"first","9":"onbackorder","10":"taxable","11":"shipping-taxable","12":"purchasable","13":"product-type-simple"},"acf":[],"_links":{"self":[{"href":"https:\/\/www.coquard.fr\/es\/wp-json\/wp\/v2\/product\/44231","targetHints":{"allow":["GET"]}}],"collection":[{"href":"https:\/\/www.coquard.fr\/es\/wp-json\/wp\/v2\/product"}],"about":[{"href":"https:\/\/www.coquard.fr\/es\/wp-json\/wp\/v2\/types\/product"}],"replies":[{"embeddable":true,"href":"https:\/\/www.coquard.fr\/es\/wp-json\/wp\/v2\/comments?post=44231"}],"wp:featuredmedia":[{"embeddable":true,"href":"https:\/\/www.coquard.fr\/es\/wp-json\/wp\/v2\/media\/24005"}],"wp:attachment":[{"href":"https:\/\/www.coquard.fr\/es\/wp-json\/wp\/v2\/media?parent=44231"}],"wp:term":[{"taxonomy":"product_brand","embeddable":true,"href":"https:\/\/www.coquard.fr\/es\/wp-json\/wp\/v2\/product_brand?post=44231"},{"taxonomy":"product_cat","embeddable":true,"href":"https:\/\/www.coquard.fr\/es\/wp-json\/wp\/v2\/product_cat?post=44231"},{"taxonomy":"product_tag","embeddable":true,"href":"https:\/\/www.coquard.fr\/es\/wp-json\/wp\/v2\/product_tag?post=44231"}],"curies":[{"name":"wp","href":"https:\/\/api.w.org\/{rel}","templated":true}]}}