{"id":44227,"date":"2022-01-14T22:03:38","date_gmt":"2022-01-14T21:03:38","guid":{"rendered":"https:\/\/www.coquard.fr\/produit\/citerne-de-transport-isolee-200-litres"},"modified":"2026-04-02T21:12:32","modified_gmt":"2026-04-02T19:12:32","slug":"citerne-de-transport-isolee-200-litres","status":"publish","type":"product","link":"https:\/\/www.coquard.fr\/es\/produit\/citerne-de-transport-isolee-200-litres","title":{"rendered":"CISTERNA DE TRANSPORTE AISLADA 200 LITROS"},"content":{"rendered":"<p>Cisterna de transporte de acero inoxidable 304 aislado en el fondo y en virola con una capacidad de 200 litros. Carece de grupo de refrigeraci\u00f3n. Tapa fijada por cierre a presi\u00f3n. Entrada y salida di\u00e1metro 51 SMS macho. Vendida sin v\u00e1lvula (existe la posibilidad de a\u00f1adir una v\u00e1lvula de mariposa o de bola). En opci\u00f3n, se propone un conjunto de bolas de lavado, referencia 037AAA.<\/p>\n","protected":false},"excerpt":{"rendered":"<p>44227<\/p>\n","protected":false},"featured_media":23021,"comment_status":"closed","ping_status":"closed","template":"","meta":{"_acf_changed":false},"product_brand":[],"product_cat":[1533],"product_tag":[],"class_list":{"0":"post-44227","1":"product","2":"type-product","3":"status-publish","4":"has-post-thumbnail","6":"product_cat-tanques-de-leche-y-cisternas","8":"first","9":"onbackorder","10":"taxable","11":"shipping-taxable","12":"purchasable","13":"product-type-simple"},"acf":[],"_links":{"self":[{"href":"https:\/\/www.coquard.fr\/es\/wp-json\/wp\/v2\/product\/44227","targetHints":{"allow":["GET"]}}],"collection":[{"href":"https:\/\/www.coquard.fr\/es\/wp-json\/wp\/v2\/product"}],"about":[{"href":"https:\/\/www.coquard.fr\/es\/wp-json\/wp\/v2\/types\/product"}],"replies":[{"embeddable":true,"href":"https:\/\/www.coquard.fr\/es\/wp-json\/wp\/v2\/comments?post=44227"}],"wp:featuredmedia":[{"embeddable":true,"href":"https:\/\/www.coquard.fr\/es\/wp-json\/wp\/v2\/media\/23021"}],"wp:attachment":[{"href":"https:\/\/www.coquard.fr\/es\/wp-json\/wp\/v2\/media?parent=44227"}],"wp:term":[{"taxonomy":"product_brand","embeddable":true,"href":"https:\/\/www.coquard.fr\/es\/wp-json\/wp\/v2\/product_brand?post=44227"},{"taxonomy":"product_cat","embeddable":true,"href":"https:\/\/www.coquard.fr\/es\/wp-json\/wp\/v2\/product_cat?post=44227"},{"taxonomy":"product_tag","embeddable":true,"href":"https:\/\/www.coquard.fr\/es\/wp-json\/wp\/v2\/product_tag?post=44227"}],"curies":[{"name":"wp","href":"https:\/\/api.w.org\/{rel}","templated":true}]}}