{"id":44191,"date":"2022-01-14T22:03:23","date_gmt":"2022-01-14T21:03:23","guid":{"rendered":"https:\/\/www.coquard.fr\/produit\/filtre-lait-450-mm-pour-traite-boite-de-250"},"modified":"2026-04-10T23:18:41","modified_gmt":"2026-04-10T21:18:41","slug":"filtre-lait-450-mm-pour-traite-boite-de-250","status":"publish","type":"product","link":"https:\/\/www.coquard.fr\/es\/produit\/filtre-lait-450-mm-pour-traite-boite-de-250","title":{"rendered":"FILTRO LECHE 450 mm PARA ORDE\u00d1O CAJA DE 250"},"content":{"rendered":"<p>Filtro de papel para m\u00e1quina orde\u00f1adora, di\u00e1metro 60 mm. Permite la b\u00fasqueda (presencia o ausencia) de Pseudomonas en la leche. Longitud: 450 mm. Caja de 250. Tarifa por caja.<\/p>\n","protected":false},"excerpt":{"rendered":"<p>44191<\/p>\n","protected":false},"featured_media":23996,"comment_status":"closed","ping_status":"closed","template":"","meta":{"_acf_changed":false},"product_brand":[],"product_cat":[1493],"product_tag":[],"class_list":{"0":"post-44191","1":"product","2":"type-product","3":"status-publish","4":"has-post-thumbnail","6":"product_cat-bidones-y-filtros-de-leche","8":"first","9":"instock","10":"taxable","11":"shipping-taxable","12":"purchasable","13":"product-type-simple"},"acf":[],"_links":{"self":[{"href":"https:\/\/www.coquard.fr\/es\/wp-json\/wp\/v2\/product\/44191","targetHints":{"allow":["GET"]}}],"collection":[{"href":"https:\/\/www.coquard.fr\/es\/wp-json\/wp\/v2\/product"}],"about":[{"href":"https:\/\/www.coquard.fr\/es\/wp-json\/wp\/v2\/types\/product"}],"replies":[{"embeddable":true,"href":"https:\/\/www.coquard.fr\/es\/wp-json\/wp\/v2\/comments?post=44191"}],"wp:featuredmedia":[{"embeddable":true,"href":"https:\/\/www.coquard.fr\/es\/wp-json\/wp\/v2\/media\/23996"}],"wp:attachment":[{"href":"https:\/\/www.coquard.fr\/es\/wp-json\/wp\/v2\/media?parent=44191"}],"wp:term":[{"taxonomy":"product_brand","embeddable":true,"href":"https:\/\/www.coquard.fr\/es\/wp-json\/wp\/v2\/product_brand?post=44191"},{"taxonomy":"product_cat","embeddable":true,"href":"https:\/\/www.coquard.fr\/es\/wp-json\/wp\/v2\/product_cat?post=44191"},{"taxonomy":"product_tag","embeddable":true,"href":"https:\/\/www.coquard.fr\/es\/wp-json\/wp\/v2\/product_tag?post=44191"}],"curies":[{"name":"wp","href":"https:\/\/api.w.org\/{rel}","templated":true}]}}