{"id":44175,"date":"2022-01-13T22:03:49","date_gmt":"2022-01-13T21:03:49","guid":{"rendered":"https:\/\/www.coquard.fr\/produit\/plaques-de-caseine-diametre-35-mm-boite-de-250"},"modified":"2026-01-08T14:41:18","modified_gmt":"2026-01-08T13:41:18","slug":"plaques-de-caseine-diametre-35-mm-boite-de-250","status":"publish","type":"product","link":"https:\/\/www.coquard.fr\/es\/produit\/plaques-de-caseine-diametre-35-mm-boite-de-250","title":{"rendered":"PLACA DE CASEINA DIAMETRO 35 mm \u2013 CAJA DE 250"},"content":{"rendered":"<p>La placa de case\u00edna de color verde garantiza un marcado biocompatible, indeleble e infalsificable. Permite la identificaci\u00f3n de los lotes. Caja de 250 placas, n\u00fameros consecutivos por serie de 250 incluido de 1 a 9999. Di\u00e1metro de la placa: 35 mm. Tarifa al bl\u00edster de 250, tarifa decreciente a partir de 10 bl\u00edsteres.<\/p>\n","protected":false},"excerpt":{"rendered":"<p>44175<\/p>\n","protected":false},"featured_media":25601,"comment_status":"closed","ping_status":"closed","template":"","meta":{"_acf_changed":false},"product_brand":[],"product_cat":[1565],"product_tag":[],"class_list":{"0":"post-44175","1":"product","2":"type-product","3":"status-publish","4":"has-post-thumbnail","6":"product_cat-etiquetado-y-marcado-de-los-productos","8":"first","9":"instock","10":"taxable","11":"shipping-taxable","12":"purchasable","13":"product-type-simple"},"acf":[],"_links":{"self":[{"href":"https:\/\/www.coquard.fr\/es\/wp-json\/wp\/v2\/product\/44175","targetHints":{"allow":["GET"]}}],"collection":[{"href":"https:\/\/www.coquard.fr\/es\/wp-json\/wp\/v2\/product"}],"about":[{"href":"https:\/\/www.coquard.fr\/es\/wp-json\/wp\/v2\/types\/product"}],"replies":[{"embeddable":true,"href":"https:\/\/www.coquard.fr\/es\/wp-json\/wp\/v2\/comments?post=44175"}],"wp:featuredmedia":[{"embeddable":true,"href":"https:\/\/www.coquard.fr\/es\/wp-json\/wp\/v2\/media\/25601"}],"wp:attachment":[{"href":"https:\/\/www.coquard.fr\/es\/wp-json\/wp\/v2\/media?parent=44175"}],"wp:term":[{"taxonomy":"product_brand","embeddable":true,"href":"https:\/\/www.coquard.fr\/es\/wp-json\/wp\/v2\/product_brand?post=44175"},{"taxonomy":"product_cat","embeddable":true,"href":"https:\/\/www.coquard.fr\/es\/wp-json\/wp\/v2\/product_cat?post=44175"},{"taxonomy":"product_tag","embeddable":true,"href":"https:\/\/www.coquard.fr\/es\/wp-json\/wp\/v2\/product_tag?post=44175"}],"curies":[{"name":"wp","href":"https:\/\/api.w.org\/{rel}","templated":true}]}}