{"id":44173,"date":"2022-01-14T22:02:53","date_gmt":"2022-01-14T21:02:53","guid":{"rendered":"https:\/\/www.coquard.fr\/produit\/preparation-liquide-de-chocolat-flacon-de-1-kg"},"modified":"2026-01-08T14:39:23","modified_gmt":"2026-01-08T13:39:23","slug":"preparation-liquide-de-chocolat-flacon-de-1-kg","status":"publish","type":"product","link":"https:\/\/www.coquard.fr\/es\/produit\/preparation-liquide-de-chocolat-flacon-de-1-kg","title":{"rendered":"PREPARACION LIQUIDA DE CHOCOLATE \u2013 FRASCO DE 1 kg"},"content":{"rendered":"<p>Preparado l\u00edquido para cremas de postres, flanes, arroz con leche, etc. Puede a\u00f1adirse en el fondo de los tarros, en capa o en mezcla con el producto. Dosificaci\u00f3n recomendada: 2 a 8\u00a0% seg\u00fan los gustos. Frasco de 1 kg. Precio por kg. Tarifa decreciente a partir de 6 kg.<\/p>\n","protected":false},"excerpt":{"rendered":"<p>44173<\/p>\n","protected":false},"featured_media":22556,"comment_status":"closed","ping_status":"closed","template":"","meta":{"_acf_changed":false},"product_brand":[],"product_cat":[1468],"product_tag":[],"class_list":{"0":"post-44173","1":"product","2":"type-product","3":"status-publish","4":"has-post-thumbnail","6":"product_cat-preparacion-para-natas-flanes-postres","8":"first","9":"instock","10":"taxable","11":"shipping-taxable","12":"purchasable","13":"product-type-simple"},"acf":[],"_links":{"self":[{"href":"https:\/\/www.coquard.fr\/es\/wp-json\/wp\/v2\/product\/44173","targetHints":{"allow":["GET"]}}],"collection":[{"href":"https:\/\/www.coquard.fr\/es\/wp-json\/wp\/v2\/product"}],"about":[{"href":"https:\/\/www.coquard.fr\/es\/wp-json\/wp\/v2\/types\/product"}],"replies":[{"embeddable":true,"href":"https:\/\/www.coquard.fr\/es\/wp-json\/wp\/v2\/comments?post=44173"}],"wp:featuredmedia":[{"embeddable":true,"href":"https:\/\/www.coquard.fr\/es\/wp-json\/wp\/v2\/media\/22556"}],"wp:attachment":[{"href":"https:\/\/www.coquard.fr\/es\/wp-json\/wp\/v2\/media?parent=44173"}],"wp:term":[{"taxonomy":"product_brand","embeddable":true,"href":"https:\/\/www.coquard.fr\/es\/wp-json\/wp\/v2\/product_brand?post=44173"},{"taxonomy":"product_cat","embeddable":true,"href":"https:\/\/www.coquard.fr\/es\/wp-json\/wp\/v2\/product_cat?post=44173"},{"taxonomy":"product_tag","embeddable":true,"href":"https:\/\/www.coquard.fr\/es\/wp-json\/wp\/v2\/product_tag?post=44173"}],"curies":[{"name":"wp","href":"https:\/\/api.w.org\/{rel}","templated":true}]}}