{"id":44163,"date":"2021-12-03T22:02:47","date_gmt":"2021-12-03T21:02:47","guid":{"rendered":"https:\/\/www.coquard.fr\/produit\/preparation-bio-aux-marrons-boite-de-3-kg"},"modified":"2026-01-08T14:37:08","modified_gmt":"2026-01-08T13:37:08","slug":"preparation-bio-aux-marrons-boite-de-3-kg","status":"publish","type":"product","link":"https:\/\/www.coquard.fr\/es\/produit\/preparation-bio-aux-marrons-boite-de-3-kg","title":{"rendered":"PREPARACI\u00d3N CASTA\u00d1A ECOL\u00d3GICA &#8211; LATA DE 3 kg"},"content":{"rendered":"<p>Preparaci\u00f3n ecol\u00f3gica de crema de casta\u00f1a con vainilla para yogures de doble capa o batidos. Sin colorante, ni conservante. Con aroma natural de vainilla, seg\u00fan la nueva normativa BIO 2022. Lata de 3 kg. Caja de 6 latas. Precio por kg. Tarifa decreciente a partir de 18 kg.<\/p>\n","protected":false},"excerpt":{"rendered":"<p>44163<\/p>\n","protected":false},"featured_media":35380,"comment_status":"closed","ping_status":"closed","template":"","meta":{"_acf_changed":false},"product_brand":[],"product_cat":[1476],"product_tag":[],"class_list":{"0":"post-44163","1":"product","2":"type-product","3":"status-publish","4":"has-post-thumbnail","6":"product_cat-preparaciones-de-frutas-organicas","8":"first","9":"instock","10":"taxable","11":"shipping-taxable","12":"purchasable","13":"product-type-simple"},"acf":[],"_links":{"self":[{"href":"https:\/\/www.coquard.fr\/es\/wp-json\/wp\/v2\/product\/44163","targetHints":{"allow":["GET"]}}],"collection":[{"href":"https:\/\/www.coquard.fr\/es\/wp-json\/wp\/v2\/product"}],"about":[{"href":"https:\/\/www.coquard.fr\/es\/wp-json\/wp\/v2\/types\/product"}],"replies":[{"embeddable":true,"href":"https:\/\/www.coquard.fr\/es\/wp-json\/wp\/v2\/comments?post=44163"}],"wp:featuredmedia":[{"embeddable":true,"href":"https:\/\/www.coquard.fr\/es\/wp-json\/wp\/v2\/media\/35380"}],"wp:attachment":[{"href":"https:\/\/www.coquard.fr\/es\/wp-json\/wp\/v2\/media?parent=44163"}],"wp:term":[{"taxonomy":"product_brand","embeddable":true,"href":"https:\/\/www.coquard.fr\/es\/wp-json\/wp\/v2\/product_brand?post=44163"},{"taxonomy":"product_cat","embeddable":true,"href":"https:\/\/www.coquard.fr\/es\/wp-json\/wp\/v2\/product_cat?post=44163"},{"taxonomy":"product_tag","embeddable":true,"href":"https:\/\/www.coquard.fr\/es\/wp-json\/wp\/v2\/product_tag?post=44163"}],"curies":[{"name":"wp","href":"https:\/\/api.w.org\/{rel}","templated":true}]}}