{"id":44002,"date":"2022-06-14T14:42:05","date_gmt":"2022-06-14T12:42:05","guid":{"rendered":"https:\/\/www.coquard.fr\/produit\/paniere-a-roquefort"},"modified":"2026-01-08T15:20:27","modified_gmt":"2026-01-08T14:20:27","slug":"paniere-a-roquefort","status":"publish","type":"product","link":"https:\/\/www.coquard.fr\/es\/produit\/paniere-a-roquefort","title":{"rendered":"CESTO PARA ROQUEFORT DIAM 204\/195 ALTURA 103 mm"},"content":{"rendered":"<p>Molde \u00abcesta\u00bb de pl\u00e1stico alimentario para el moldeo de quesos de tipo Roquefort. Perforaci\u00f3n del fondo y de los lados mediante estr\u00edas verticales. Di\u00e1metro superior 204 mm, di\u00e1metro inferior 195 mm, altura 103 mm. Referencia fabricante: RPM.<\/p>\n","protected":false},"excerpt":{"rendered":"<p>44002<\/p>\n","protected":false},"featured_media":43352,"comment_status":"closed","ping_status":"closed","template":"","meta":{"_acf_changed":false},"product_brand":[],"product_cat":[1597],"product_tag":[],"class_list":{"0":"post-44002","1":"product","2":"type-product","3":"status-publish","4":"has-post-thumbnail","6":"product_cat-moldes-de-plastico","8":"first","9":"instock","10":"taxable","11":"shipping-taxable","12":"purchasable","13":"product-type-simple"},"acf":[],"_links":{"self":[{"href":"https:\/\/www.coquard.fr\/es\/wp-json\/wp\/v2\/product\/44002","targetHints":{"allow":["GET"]}}],"collection":[{"href":"https:\/\/www.coquard.fr\/es\/wp-json\/wp\/v2\/product"}],"about":[{"href":"https:\/\/www.coquard.fr\/es\/wp-json\/wp\/v2\/types\/product"}],"replies":[{"embeddable":true,"href":"https:\/\/www.coquard.fr\/es\/wp-json\/wp\/v2\/comments?post=44002"}],"wp:featuredmedia":[{"embeddable":true,"href":"https:\/\/www.coquard.fr\/es\/wp-json\/wp\/v2\/media\/43352"}],"wp:attachment":[{"href":"https:\/\/www.coquard.fr\/es\/wp-json\/wp\/v2\/media?parent=44002"}],"wp:term":[{"taxonomy":"product_brand","embeddable":true,"href":"https:\/\/www.coquard.fr\/es\/wp-json\/wp\/v2\/product_brand?post=44002"},{"taxonomy":"product_cat","embeddable":true,"href":"https:\/\/www.coquard.fr\/es\/wp-json\/wp\/v2\/product_cat?post=44002"},{"taxonomy":"product_tag","embeddable":true,"href":"https:\/\/www.coquard.fr\/es\/wp-json\/wp\/v2\/product_tag?post=44002"}],"curies":[{"name":"wp","href":"https:\/\/api.w.org\/{rel}","templated":true}]}}