{"id":43968,"date":"2022-07-05T21:05:26","date_gmt":"2022-07-05T19:05:26","guid":{"rendered":"https:\/\/www.coquard.fr\/produit\/pot-yaourt-125-g-imprime-p-partout-par-10"},"modified":"2026-04-27T22:22:34","modified_gmt":"2026-04-27T20:22:34","slug":"pot-yaourt-125-g-imprime-p-partout-par-10","status":"publish","type":"product","link":"https:\/\/www.coquard.fr\/es\/produit\/pot-yaourt-125-g-imprime-p-partout-par-10","title":{"rendered":"TARRO PARA YOGUR 125 G IMPRIM. PASPARTU VENDIDO POR 10"},"content":{"rendered":"<p>Tarro para yogur de polipropileno transparente, homologado para el contacto con alimentos. Capacidad: 125 gramos. Impresi\u00f3n paspart\u00fa (prado con amapolas), di\u00e1metro: 67,50 mm, termosellado posible o tapa 904AAS y 904ABP. Caja de 2205. Vendido a la decena.<\/p>\n","protected":false},"excerpt":{"rendered":"<p>43968<\/p>\n","protected":false},"featured_media":20291,"comment_status":"closed","ping_status":"closed","template":"","meta":{"_acf_changed":false},"product_brand":[],"product_cat":[1581],"product_tag":[],"class_list":{"0":"post-43968","1":"product","2":"type-product","3":"status-publish","4":"has-post-thumbnail","6":"product_cat-botes-de-yogur","8":"first","9":"instock","10":"taxable","11":"shipping-taxable","12":"purchasable","13":"product-type-simple"},"acf":[],"_links":{"self":[{"href":"https:\/\/www.coquard.fr\/es\/wp-json\/wp\/v2\/product\/43968","targetHints":{"allow":["GET"]}}],"collection":[{"href":"https:\/\/www.coquard.fr\/es\/wp-json\/wp\/v2\/product"}],"about":[{"href":"https:\/\/www.coquard.fr\/es\/wp-json\/wp\/v2\/types\/product"}],"replies":[{"embeddable":true,"href":"https:\/\/www.coquard.fr\/es\/wp-json\/wp\/v2\/comments?post=43968"}],"wp:featuredmedia":[{"embeddable":true,"href":"https:\/\/www.coquard.fr\/es\/wp-json\/wp\/v2\/media\/20291"}],"wp:attachment":[{"href":"https:\/\/www.coquard.fr\/es\/wp-json\/wp\/v2\/media?parent=43968"}],"wp:term":[{"taxonomy":"product_brand","embeddable":true,"href":"https:\/\/www.coquard.fr\/es\/wp-json\/wp\/v2\/product_brand?post=43968"},{"taxonomy":"product_cat","embeddable":true,"href":"https:\/\/www.coquard.fr\/es\/wp-json\/wp\/v2\/product_cat?post=43968"},{"taxonomy":"product_tag","embeddable":true,"href":"https:\/\/www.coquard.fr\/es\/wp-json\/wp\/v2\/product_tag?post=43968"}],"curies":[{"name":"wp","href":"https:\/\/api.w.org\/{rel}","templated":true}]}}