{"id":43873,"date":"2020-07-17T10:25:03","date_gmt":"2020-07-17T08:25:03","guid":{"rendered":"https:\/\/www.coquard.fr\/produit\/ls-idc-10-4-doses-lyophilise"},"modified":"2026-01-08T14:25:34","modified_gmt":"2026-01-08T13:25:34","slug":"ls-idc-10-4-doses-lyophilise","status":"publish","type":"product","link":"https:\/\/www.coquard.fr\/es\/produit\/ls-idc-10-4-doses-lyophilise","title":{"rendered":"LS-IDC 10 &#8211; 4 DOSIS LIOFILIZADO"},"content":{"rendered":"<p>Gama CSL, mezcla de fermentos l\u00e1cticos term\u00f3filos y mes\u00f3filos liofilizados para la elaboraci\u00f3n de pasta prensada y pasta cocida. Composici\u00f3n: Streptococcus thermophilus, Lactobacillus delbrueckii y helveticus, Lactococcus lactis. Dosificaci\u00f3n recomendada: 1 bolsita de 4 dosis permite sembrar de 1000 a 2000 litros de leche. Precio por bolsita.<\/p>\n","protected":false},"excerpt":{"rendered":"<p>43873<\/p>\n","protected":false},"featured_media":21389,"comment_status":"closed","ping_status":"closed","template":"","meta":{"_acf_changed":false},"product_brand":[],"product_cat":[1555],"product_tag":[],"class_list":{"0":"post-43873","1":"product","2":"type-product","3":"status-publish","4":"has-post-thumbnail","6":"product_cat-fermentos-lacticos-y-de-maduracion-csl","8":"first","9":"instock","10":"taxable","11":"shipping-taxable","12":"purchasable","13":"product-type-simple"},"acf":[],"_links":{"self":[{"href":"https:\/\/www.coquard.fr\/es\/wp-json\/wp\/v2\/product\/43873","targetHints":{"allow":["GET"]}}],"collection":[{"href":"https:\/\/www.coquard.fr\/es\/wp-json\/wp\/v2\/product"}],"about":[{"href":"https:\/\/www.coquard.fr\/es\/wp-json\/wp\/v2\/types\/product"}],"replies":[{"embeddable":true,"href":"https:\/\/www.coquard.fr\/es\/wp-json\/wp\/v2\/comments?post=43873"}],"wp:featuredmedia":[{"embeddable":true,"href":"https:\/\/www.coquard.fr\/es\/wp-json\/wp\/v2\/media\/21389"}],"wp:attachment":[{"href":"https:\/\/www.coquard.fr\/es\/wp-json\/wp\/v2\/media?parent=43873"}],"wp:term":[{"taxonomy":"product_brand","embeddable":true,"href":"https:\/\/www.coquard.fr\/es\/wp-json\/wp\/v2\/product_brand?post=43873"},{"taxonomy":"product_cat","embeddable":true,"href":"https:\/\/www.coquard.fr\/es\/wp-json\/wp\/v2\/product_cat?post=43873"},{"taxonomy":"product_tag","embeddable":true,"href":"https:\/\/www.coquard.fr\/es\/wp-json\/wp\/v2\/product_tag?post=43873"}],"curies":[{"name":"wp","href":"https:\/\/api.w.org\/{rel}","templated":true}]}}