{"id":43868,"date":"2021-06-17T23:01:39","date_gmt":"2021-06-17T21:01:39","guid":{"rendered":"https:\/\/www.coquard.fr\/produit\/jointec-x3-4-doses-ferment-yaourt-2"},"modified":"2026-01-08T14:25:09","modified_gmt":"2026-01-08T13:25:09","slug":"jointec-x3-4-doses-ferment-yaourt-2","status":"publish","type":"product","link":"https:\/\/www.coquard.fr\/es\/produit\/jointec-x3-4-doses-ferment-yaourt-2","title":{"rendered":"JOINTEC X3 &#8211; 4 DOSIS FERMENTO YOGUR"},"content":{"rendered":"<p>Gama CSL, fermento l\u00e1ctico term\u00f3filo liofilizado para yogur. Cepa para yogur texturizado y suave. Dosificaci\u00f3n recomendada: 4 dosis para 1000 litros de leche. Vendido por bolsita.<\/p>\n","protected":false},"excerpt":{"rendered":"<p>43868<\/p>\n","protected":false},"featured_media":35050,"comment_status":"closed","ping_status":"closed","template":"","meta":{"_acf_changed":false},"product_brand":[],"product_cat":[1555],"product_tag":[],"class_list":{"0":"post-43868","1":"product","2":"type-product","3":"status-publish","4":"has-post-thumbnail","6":"product_cat-fermentos-lacticos-y-de-maduracion-csl","8":"first","9":"instock","10":"taxable","11":"shipping-taxable","12":"purchasable","13":"product-type-simple"},"acf":[],"_links":{"self":[{"href":"https:\/\/www.coquard.fr\/es\/wp-json\/wp\/v2\/product\/43868","targetHints":{"allow":["GET"]}}],"collection":[{"href":"https:\/\/www.coquard.fr\/es\/wp-json\/wp\/v2\/product"}],"about":[{"href":"https:\/\/www.coquard.fr\/es\/wp-json\/wp\/v2\/types\/product"}],"replies":[{"embeddable":true,"href":"https:\/\/www.coquard.fr\/es\/wp-json\/wp\/v2\/comments?post=43868"}],"wp:featuredmedia":[{"embeddable":true,"href":"https:\/\/www.coquard.fr\/es\/wp-json\/wp\/v2\/media\/35050"}],"wp:attachment":[{"href":"https:\/\/www.coquard.fr\/es\/wp-json\/wp\/v2\/media?parent=43868"}],"wp:term":[{"taxonomy":"product_brand","embeddable":true,"href":"https:\/\/www.coquard.fr\/es\/wp-json\/wp\/v2\/product_brand?post=43868"},{"taxonomy":"product_cat","embeddable":true,"href":"https:\/\/www.coquard.fr\/es\/wp-json\/wp\/v2\/product_cat?post=43868"},{"taxonomy":"product_tag","embeddable":true,"href":"https:\/\/www.coquard.fr\/es\/wp-json\/wp\/v2\/product_tag?post=43868"}],"curies":[{"name":"wp","href":"https:\/\/api.w.org\/{rel}","templated":true}]}}