{"id":43799,"date":"2022-01-07T22:05:11","date_gmt":"2022-01-07T21:05:11","guid":{"rendered":"https:\/\/www.coquard.fr\/produit\/analyseur-de-lait-de-vache-chevre-brebis"},"modified":"2026-01-30T13:55:34","modified_gmt":"2026-01-30T12:55:34","slug":"analyseur-de-lait-de-vache-chevre-brebis","status":"publish","type":"product","link":"https:\/\/www.coquard.fr\/es\/produit\/analyseur-de-lait-de-vache-chevre-brebis","title":{"rendered":"ANALIZADOR DE LECHE DE VACA CABRA OVEJA"},"content":{"rendered":"<p>Analizador r\u00e1pido de laboratorio calibrado para leche cruda de vaca, cabra y oveja. S\u00f3lo leche cruda. Par\u00e1metros medidos: grasa, prote\u00edna, densidad, punto de congelaci\u00f3n, lactosa, contenido de sal, humectaci\u00f3n. Se suministra con adaptador de corriente y cable USB, 1 botella de soluci\u00f3n de limpieza alcalina, 1 botella de soluci\u00f3n de limpieza \u00e1cida, 1 CD con el programa de recogida de datos. Alimentaci\u00f3n 230 V. 50 Hz.<\/p>\n","protected":false},"excerpt":{"rendered":"<p>43799<\/p>\n","protected":false},"featured_media":36194,"comment_status":"closed","ping_status":"closed","template":"","meta":{"_acf_changed":false},"product_brand":[],"product_cat":[1587],"product_tag":[],"class_list":{"0":"post-43799","1":"product","2":"type-product","3":"status-publish","4":"has-post-thumbnail","6":"product_cat-material-de-controla","8":"first","9":"instock","10":"taxable","11":"shipping-taxable","12":"purchasable","13":"product-type-simple"},"acf":[],"_links":{"self":[{"href":"https:\/\/www.coquard.fr\/es\/wp-json\/wp\/v2\/product\/43799","targetHints":{"allow":["GET"]}}],"collection":[{"href":"https:\/\/www.coquard.fr\/es\/wp-json\/wp\/v2\/product"}],"about":[{"href":"https:\/\/www.coquard.fr\/es\/wp-json\/wp\/v2\/types\/product"}],"replies":[{"embeddable":true,"href":"https:\/\/www.coquard.fr\/es\/wp-json\/wp\/v2\/comments?post=43799"}],"wp:featuredmedia":[{"embeddable":true,"href":"https:\/\/www.coquard.fr\/es\/wp-json\/wp\/v2\/media\/36194"}],"wp:attachment":[{"href":"https:\/\/www.coquard.fr\/es\/wp-json\/wp\/v2\/media?parent=43799"}],"wp:term":[{"taxonomy":"product_brand","embeddable":true,"href":"https:\/\/www.coquard.fr\/es\/wp-json\/wp\/v2\/product_brand?post=43799"},{"taxonomy":"product_cat","embeddable":true,"href":"https:\/\/www.coquard.fr\/es\/wp-json\/wp\/v2\/product_cat?post=43799"},{"taxonomy":"product_tag","embeddable":true,"href":"https:\/\/www.coquard.fr\/es\/wp-json\/wp\/v2\/product_tag?post=43799"}],"curies":[{"name":"wp","href":"https:\/\/api.w.org\/{rel}","templated":true}]}}