{"id":43795,"date":"2022-01-10T22:05:55","date_gmt":"2022-01-10T21:05:55","guid":{"rendered":"https:\/\/www.coquard.fr\/produit\/thermometre-portatif-sans-fil"},"modified":"2026-01-30T13:55:19","modified_gmt":"2026-01-30T12:55:19","slug":"thermometre-portatif-sans-fil","status":"publish","type":"product","link":"https:\/\/www.coquard.fr\/es\/produit\/thermometre-portatif-sans-fil","title":{"rendered":"TERM\u00d3METRO PORT\u00c1TIL SIN HILO"},"content":{"rendered":"<p>Term\u00f3metro electr\u00f3nico de precisi\u00f3n de mano con sonda integrada. Precisi\u00f3n de medici\u00f3n +\/- 0,3\u00b0C. Sonda polivalente de acero inoxidable (medida de la temperatura del ambiente, de un l\u00edquido y en los semis\u00f3lidos).<\/p>\n","protected":false},"excerpt":{"rendered":"<p>43795<\/p>\n","protected":false},"featured_media":36357,"comment_status":"closed","ping_status":"closed","template":"","meta":{"_acf_changed":false},"product_brand":[],"product_cat":[1587],"product_tag":[],"class_list":{"0":"post-43795","1":"product","2":"type-product","3":"status-publish","4":"has-post-thumbnail","6":"product_cat-material-de-controla","8":"first","9":"instock","10":"taxable","11":"shipping-taxable","12":"purchasable","13":"product-type-simple"},"acf":[],"_links":{"self":[{"href":"https:\/\/www.coquard.fr\/es\/wp-json\/wp\/v2\/product\/43795","targetHints":{"allow":["GET"]}}],"collection":[{"href":"https:\/\/www.coquard.fr\/es\/wp-json\/wp\/v2\/product"}],"about":[{"href":"https:\/\/www.coquard.fr\/es\/wp-json\/wp\/v2\/types\/product"}],"replies":[{"embeddable":true,"href":"https:\/\/www.coquard.fr\/es\/wp-json\/wp\/v2\/comments?post=43795"}],"wp:featuredmedia":[{"embeddable":true,"href":"https:\/\/www.coquard.fr\/es\/wp-json\/wp\/v2\/media\/36357"}],"wp:attachment":[{"href":"https:\/\/www.coquard.fr\/es\/wp-json\/wp\/v2\/media?parent=43795"}],"wp:term":[{"taxonomy":"product_brand","embeddable":true,"href":"https:\/\/www.coquard.fr\/es\/wp-json\/wp\/v2\/product_brand?post=43795"},{"taxonomy":"product_cat","embeddable":true,"href":"https:\/\/www.coquard.fr\/es\/wp-json\/wp\/v2\/product_cat?post=43795"},{"taxonomy":"product_tag","embeddable":true,"href":"https:\/\/www.coquard.fr\/es\/wp-json\/wp\/v2\/product_tag?post=43795"}],"curies":[{"name":"wp","href":"https:\/\/api.w.org\/{rel}","templated":true}]}}