{"id":43789,"date":"2021-06-29T23:07:14","date_gmt":"2021-06-29T21:07:14","guid":{"rendered":"https:\/\/www.coquard.fr\/produit\/bain-marie-portoir-16-tubes"},"modified":"2026-01-08T15:33:39","modified_gmt":"2026-01-08T14:33:39","slug":"bain-marie-portoir-16-tubes","status":"publish","type":"product","link":"https:\/\/www.coquard.fr\/es\/produit\/bain-marie-portoir-16-tubes","title":{"rendered":"BA\u00d1O MAR\u00cdA + REJILLA 16 TUBOS"},"content":{"rendered":"<p>Peque\u00f1o ba\u00f1o mar\u00eda de laboratorio para preparar los an\u00e1lisis de control de rutina en la fabricaci\u00f3n de quesos (lactofermentaci\u00f3n, resazurina, analizador r\u00e1pido). Capacidad de 2,5 litros. Con rejilla de acero inoxidable para 16 tubos de ensayo. Dep\u00f3sito de policarbonato transparente. Potencia de 600 vatios. Control de la temperatura desde +5\u00b0C por encima de la temperatura ambiente hasta 100\u00b0C como m\u00e1ximo. Alimentaci\u00f3n 230 V. 50 Hz.<\/p>\n","protected":false},"excerpt":{"rendered":"<p>43789<\/p>\n","protected":false},"featured_media":35834,"comment_status":"closed","ping_status":"closed","template":"","meta":{"_acf_changed":false},"product_brand":[],"product_cat":[1587],"product_tag":[],"class_list":{"0":"post-43789","1":"product","2":"type-product","3":"status-publish","4":"has-post-thumbnail","6":"product_cat-material-de-controla","8":"first","9":"instock","10":"taxable","11":"shipping-taxable","12":"purchasable","13":"product-type-simple"},"acf":[],"_links":{"self":[{"href":"https:\/\/www.coquard.fr\/es\/wp-json\/wp\/v2\/product\/43789","targetHints":{"allow":["GET"]}}],"collection":[{"href":"https:\/\/www.coquard.fr\/es\/wp-json\/wp\/v2\/product"}],"about":[{"href":"https:\/\/www.coquard.fr\/es\/wp-json\/wp\/v2\/types\/product"}],"replies":[{"embeddable":true,"href":"https:\/\/www.coquard.fr\/es\/wp-json\/wp\/v2\/comments?post=43789"}],"wp:featuredmedia":[{"embeddable":true,"href":"https:\/\/www.coquard.fr\/es\/wp-json\/wp\/v2\/media\/35834"}],"wp:attachment":[{"href":"https:\/\/www.coquard.fr\/es\/wp-json\/wp\/v2\/media?parent=43789"}],"wp:term":[{"taxonomy":"product_brand","embeddable":true,"href":"https:\/\/www.coquard.fr\/es\/wp-json\/wp\/v2\/product_brand?post=43789"},{"taxonomy":"product_cat","embeddable":true,"href":"https:\/\/www.coquard.fr\/es\/wp-json\/wp\/v2\/product_cat?post=43789"},{"taxonomy":"product_tag","embeddable":true,"href":"https:\/\/www.coquard.fr\/es\/wp-json\/wp\/v2\/product_tag?post=43789"}],"curies":[{"name":"wp","href":"https:\/\/api.w.org\/{rel}","templated":true}]}}