{"id":43710,"date":"2021-10-06T23:07:40","date_gmt":"2021-10-06T21:07:40","guid":{"rendered":"https:\/\/www.coquard.fr\/produit\/pot-creme-25-cl-impression-passe-partout-par-10"},"modified":"2026-01-08T15:54:50","modified_gmt":"2026-01-08T14:54:50","slug":"pot-creme-25-cl-impression-passe-partout-par-10","status":"publish","type":"product","link":"https:\/\/www.coquard.fr\/es\/produit\/pot-creme-25-cl-impression-passe-partout-par-10","title":{"rendered":"TARRO PARA NATA 50cl IMPRESI\u00d3N COMOD\u00cdN VENDIDO POR DECENAS"},"content":{"rendered":"<p>Tarro de crema de polipropileno blanco, con impresi\u00f3n comod\u00edn, aprobada para el contacto con alimentos. Capacidad: 500 ml. Di\u00e1metro 106.6 mm. Caja de 350 tarros y 350 tapas. Se venden por docenas.<\/p>\n","protected":false},"excerpt":{"rendered":"<p>43710<\/p>\n","protected":false},"featured_media":43708,"comment_status":"closed","ping_status":"closed","template":"","meta":{"_acf_changed":false},"product_brand":[],"product_cat":[1579],"product_tag":[],"class_list":{"0":"post-43710","1":"product","2":"type-product","3":"status-publish","4":"has-post-thumbnail","6":"product_cat-botes-de-nata","8":"first","9":"instock","10":"taxable","11":"shipping-taxable","12":"purchasable","13":"product-type-simple"},"acf":[],"_links":{"self":[{"href":"https:\/\/www.coquard.fr\/es\/wp-json\/wp\/v2\/product\/43710","targetHints":{"allow":["GET"]}}],"collection":[{"href":"https:\/\/www.coquard.fr\/es\/wp-json\/wp\/v2\/product"}],"about":[{"href":"https:\/\/www.coquard.fr\/es\/wp-json\/wp\/v2\/types\/product"}],"replies":[{"embeddable":true,"href":"https:\/\/www.coquard.fr\/es\/wp-json\/wp\/v2\/comments?post=43710"}],"wp:featuredmedia":[{"embeddable":true,"href":"https:\/\/www.coquard.fr\/es\/wp-json\/wp\/v2\/media\/43708"}],"wp:attachment":[{"href":"https:\/\/www.coquard.fr\/es\/wp-json\/wp\/v2\/media?parent=43710"}],"wp:term":[{"taxonomy":"product_brand","embeddable":true,"href":"https:\/\/www.coquard.fr\/es\/wp-json\/wp\/v2\/product_brand?post=43710"},{"taxonomy":"product_cat","embeddable":true,"href":"https:\/\/www.coquard.fr\/es\/wp-json\/wp\/v2\/product_cat?post=43710"},{"taxonomy":"product_tag","embeddable":true,"href":"https:\/\/www.coquard.fr\/es\/wp-json\/wp\/v2\/product_tag?post=43710"}],"curies":[{"name":"wp","href":"https:\/\/api.w.org\/{rel}","templated":true}]}}