{"id":43496,"date":"2022-02-08T22:04:29","date_gmt":"2022-02-08T21:04:29","guid":{"rendered":"https:\/\/www.coquard.fr\/produit\/indal-pro-cid-detartrant-detergent-acide"},"modified":"2026-01-30T13:53:58","modified_gmt":"2026-01-30T12:53:58","slug":"indal-pro-cid-detartrant-detergent-acide","status":"publish","type":"product","link":"https:\/\/www.coquard.fr\/es\/produit\/indal-pro-cid-detartrant-detergent-acide","title":{"rendered":"INDAL PRO CID DETERGENTE ANTISARRO \u00c1CIDO"},"content":{"rendered":"<p>Antisarro, detergente desincrustante \u00e1cido para las instalaciones de orde\u00f1o y materiales de producci\u00f3n l\u00e1ctea, tanques y cisternas. Uso: en circulaci\u00f3n a una temperatura entre 40 y 50\u00b0C. Lata de 23 kg. Precio al kg.<\/p>\n","protected":false},"excerpt":{"rendered":"<p>43496<\/p>\n","protected":false},"featured_media":45737,"comment_status":"closed","ping_status":"closed","template":"","meta":{"_acf_changed":false},"product_brand":[],"product_cat":[1592],"product_tag":[],"class_list":{"0":"post-43496","1":"product","2":"type-product","3":"status-publish","4":"has-post-thumbnail","6":"product_cat-productos-de-limpieza-y-higiene","8":"first","9":"instock","10":"taxable","11":"shipping-taxable","12":"purchasable","13":"product-type-simple"},"acf":[],"_links":{"self":[{"href":"https:\/\/www.coquard.fr\/es\/wp-json\/wp\/v2\/product\/43496","targetHints":{"allow":["GET"]}}],"collection":[{"href":"https:\/\/www.coquard.fr\/es\/wp-json\/wp\/v2\/product"}],"about":[{"href":"https:\/\/www.coquard.fr\/es\/wp-json\/wp\/v2\/types\/product"}],"replies":[{"embeddable":true,"href":"https:\/\/www.coquard.fr\/es\/wp-json\/wp\/v2\/comments?post=43496"}],"wp:featuredmedia":[{"embeddable":true,"href":"https:\/\/www.coquard.fr\/es\/wp-json\/wp\/v2\/media\/45737"}],"wp:attachment":[{"href":"https:\/\/www.coquard.fr\/es\/wp-json\/wp\/v2\/media?parent=43496"}],"wp:term":[{"taxonomy":"product_brand","embeddable":true,"href":"https:\/\/www.coquard.fr\/es\/wp-json\/wp\/v2\/product_brand?post=43496"},{"taxonomy":"product_cat","embeddable":true,"href":"https:\/\/www.coquard.fr\/es\/wp-json\/wp\/v2\/product_cat?post=43496"},{"taxonomy":"product_tag","embeddable":true,"href":"https:\/\/www.coquard.fr\/es\/wp-json\/wp\/v2\/product_tag?post=43496"}],"curies":[{"name":"wp","href":"https:\/\/api.w.org\/{rel}","templated":true}]}}