{"id":42978,"date":"2021-08-10T23:03:56","date_gmt":"2021-08-10T21:03:56","guid":{"rendered":"https:\/\/www.coquard.fr\/produit\/groupe-froid-2-6-kwatts-montage-a-cheval"},"modified":"2026-04-26T21:02:13","modified_gmt":"2026-04-26T19:02:13","slug":"groupe-froid-2-6-kwatts-montage-a-cheval","status":"publish","type":"product","link":"https:\/\/www.coquard.fr\/es\/produit\/groupe-froid-2-6-kwatts-montage-a-cheval","title":{"rendered":"GRUPO FRIO 2,6 KW PARA CELULA DE ENFRIAMIENTO"},"content":{"rendered":"<p>Grupo fr\u00edo para la refrigeraci\u00f3n de c\u00e9lula de refrigeraci\u00f3n. Apto para un volumen de 10 a 15 m\u00b3, para aproximadamente 200 a 400 litros de leche transformada. Instalaci\u00f3n a horcajadas en panel de corte. Control de la temperatura por termostato digital en fachada del grupo. Desempa\u00f1ado autom\u00e1tico. Alimentaci\u00f3n 380 V &#8211; 50 Hz &#8211; 3 fases + neutro + tierra.<\/p>\n","protected":false},"excerpt":{"rendered":"<p>42978<\/p>\n","protected":false},"featured_media":35438,"comment_status":"closed","ping_status":"closed","template":"","meta":{"_acf_changed":false},"product_brand":[],"product_cat":[1505],"product_tag":[],"class_list":{"0":"post-42978","1":"product","2":"type-product","3":"status-publish","4":"has-post-thumbnail","6":"product_cat-estufa","8":"first","9":"onbackorder","10":"taxable","11":"shipping-taxable","12":"purchasable","13":"product-type-simple"},"acf":[],"_links":{"self":[{"href":"https:\/\/www.coquard.fr\/es\/wp-json\/wp\/v2\/product\/42978","targetHints":{"allow":["GET"]}}],"collection":[{"href":"https:\/\/www.coquard.fr\/es\/wp-json\/wp\/v2\/product"}],"about":[{"href":"https:\/\/www.coquard.fr\/es\/wp-json\/wp\/v2\/types\/product"}],"replies":[{"embeddable":true,"href":"https:\/\/www.coquard.fr\/es\/wp-json\/wp\/v2\/comments?post=42978"}],"wp:featuredmedia":[{"embeddable":true,"href":"https:\/\/www.coquard.fr\/es\/wp-json\/wp\/v2\/media\/35438"}],"wp:attachment":[{"href":"https:\/\/www.coquard.fr\/es\/wp-json\/wp\/v2\/media?parent=42978"}],"wp:term":[{"taxonomy":"product_brand","embeddable":true,"href":"https:\/\/www.coquard.fr\/es\/wp-json\/wp\/v2\/product_brand?post=42978"},{"taxonomy":"product_cat","embeddable":true,"href":"https:\/\/www.coquard.fr\/es\/wp-json\/wp\/v2\/product_cat?post=42978"},{"taxonomy":"product_tag","embeddable":true,"href":"https:\/\/www.coquard.fr\/es\/wp-json\/wp\/v2\/product_tag?post=42978"}],"curies":[{"name":"wp","href":"https:\/\/api.w.org\/{rel}","templated":true}]}}