{"id":42965,"date":"2022-01-19T16:32:39","date_gmt":"2022-01-19T15:32:39","guid":{"rendered":"https:\/\/www.coquard.fr\/produit\/thermoscelleuse-manuelle-sans-plaque"},"modified":"2026-01-08T14:57:14","modified_gmt":"2026-01-08T13:57:14","slug":"thermoscelleuse-manuelle-sans-plaque","status":"publish","type":"product","link":"https:\/\/www.coquard.fr\/es\/produit\/thermoscelleuse-manuelle-sans-plaque","title":{"rendered":"TERMOSELLADORA MANUAL POLIVALENTE"},"content":{"rendered":"<p>Para el sellado de tarros de yogur con op\u00e9rculos de aluminio, o barquetas y alv\u00e9olos con pel\u00edcula de polipropileno. Placas de sellado no incluidas. Empu\u00f1adura muy amplia que facilita el sellado bajo presi\u00f3n sin forzar. En acero inoxidable 304. Alimentaci\u00f3n 230 V &#8211; 50 Hz. Potencia 600 W. Consumo medio 300 W. Regulaci\u00f3n electr\u00f3nica de la temperatura. Superficie L. 270 mm x p. 470 mm x alt. 570 mm. Peso 12 Kg.<\/p>\n","protected":false},"excerpt":{"rendered":"<p>42965<\/p>\n","protected":false},"featured_media":38955,"comment_status":"closed","ping_status":"closed","template":"","meta":{"_acf_changed":false},"product_brand":[],"product_cat":[1501],"product_tag":[],"class_list":{"0":"post-42965","1":"product","2":"type-product","3":"status-publish","4":"has-post-thumbnail","6":"product_cat-dosificacion-y-llenado","8":"first","9":"instock","10":"taxable","11":"shipping-taxable","12":"purchasable","13":"product-type-simple"},"acf":[],"_links":{"self":[{"href":"https:\/\/www.coquard.fr\/es\/wp-json\/wp\/v2\/product\/42965","targetHints":{"allow":["GET"]}}],"collection":[{"href":"https:\/\/www.coquard.fr\/es\/wp-json\/wp\/v2\/product"}],"about":[{"href":"https:\/\/www.coquard.fr\/es\/wp-json\/wp\/v2\/types\/product"}],"replies":[{"embeddable":true,"href":"https:\/\/www.coquard.fr\/es\/wp-json\/wp\/v2\/comments?post=42965"}],"wp:featuredmedia":[{"embeddable":true,"href":"https:\/\/www.coquard.fr\/es\/wp-json\/wp\/v2\/media\/38955"}],"wp:attachment":[{"href":"https:\/\/www.coquard.fr\/es\/wp-json\/wp\/v2\/media?parent=42965"}],"wp:term":[{"taxonomy":"product_brand","embeddable":true,"href":"https:\/\/www.coquard.fr\/es\/wp-json\/wp\/v2\/product_brand?post=42965"},{"taxonomy":"product_cat","embeddable":true,"href":"https:\/\/www.coquard.fr\/es\/wp-json\/wp\/v2\/product_cat?post=42965"},{"taxonomy":"product_tag","embeddable":true,"href":"https:\/\/www.coquard.fr\/es\/wp-json\/wp\/v2\/product_tag?post=42965"}],"curies":[{"name":"wp","href":"https:\/\/api.w.org\/{rel}","templated":true}]}}