{"id":42963,"date":"2022-01-18T22:04:37","date_gmt":"2022-01-18T21:04:37","guid":{"rendered":"https:\/\/www.coquard.fr\/produit\/plaque-2-pots-diam-116-mm"},"modified":"2026-01-08T14:57:21","modified_gmt":"2026-01-08T13:57:21","slug":"plaque-2-pots-diam-116-mm","status":"publish","type":"product","link":"https:\/\/www.coquard.fr\/es\/produit\/plaque-2-pots-diam-116-mm","title":{"rendered":"PLACA DE EMPOTRIAMIENTO PARA 2 BOTES DIAMETRO 116 mm"},"content":{"rendered":"<p>Placa con 2 orificios para sellar 2 tarros de 116 mm de di\u00e1metro con pel\u00edcula de polipropileno u op\u00e9rculo de aluminio. Se utiliza con termoselladora Ref. 038FQA. Para tarros Ref. 904AAO.<\/p>\n","protected":false},"excerpt":{"rendered":"<p>42963<\/p>\n","protected":false},"featured_media":45711,"comment_status":"closed","ping_status":"closed","template":"","meta":{"_acf_changed":false},"product_brand":[],"product_cat":[1501],"product_tag":[],"class_list":{"0":"post-42963","1":"product","2":"type-product","3":"status-publish","4":"has-post-thumbnail","6":"product_cat-dosificacion-y-llenado","8":"first","9":"onbackorder","10":"taxable","11":"shipping-taxable","12":"purchasable","13":"product-type-simple"},"acf":[],"_links":{"self":[{"href":"https:\/\/www.coquard.fr\/es\/wp-json\/wp\/v2\/product\/42963","targetHints":{"allow":["GET"]}}],"collection":[{"href":"https:\/\/www.coquard.fr\/es\/wp-json\/wp\/v2\/product"}],"about":[{"href":"https:\/\/www.coquard.fr\/es\/wp-json\/wp\/v2\/types\/product"}],"replies":[{"embeddable":true,"href":"https:\/\/www.coquard.fr\/es\/wp-json\/wp\/v2\/comments?post=42963"}],"wp:featuredmedia":[{"embeddable":true,"href":"https:\/\/www.coquard.fr\/es\/wp-json\/wp\/v2\/media\/45711"}],"wp:attachment":[{"href":"https:\/\/www.coquard.fr\/es\/wp-json\/wp\/v2\/media?parent=42963"}],"wp:term":[{"taxonomy":"product_brand","embeddable":true,"href":"https:\/\/www.coquard.fr\/es\/wp-json\/wp\/v2\/product_brand?post=42963"},{"taxonomy":"product_cat","embeddable":true,"href":"https:\/\/www.coquard.fr\/es\/wp-json\/wp\/v2\/product_cat?post=42963"},{"taxonomy":"product_tag","embeddable":true,"href":"https:\/\/www.coquard.fr\/es\/wp-json\/wp\/v2\/product_tag?post=42963"}],"curies":[{"name":"wp","href":"https:\/\/api.w.org\/{rel}","templated":true}]}}