{"id":42951,"date":"2022-01-17T22:06:03","date_gmt":"2022-01-17T21:06:03","guid":{"rendered":"https:\/\/www.coquard.fr\/produit\/support-inox-tremie-20-litres-pompe"},"modified":"2026-04-06T21:14:13","modified_gmt":"2026-04-06T19:14:13","slug":"support-inox-tremie-20-litres-pompe","status":"publish","type":"product","link":"https:\/\/www.coquard.fr\/es\/produit\/support-inox-tremie-20-litres-pompe","title":{"rendered":"SOPORTE DE INOXIDABLE TOLVA 20 LITROS CON BOMBA"},"content":{"rendered":"<p>Para alimentaci\u00f3n autom\u00e1tica en leche de desnatadora o dosificadora de pist\u00f3n. Integra una regulaci\u00f3n autom\u00e1tica de nivel en la tolva. Altura bajo tolva 1.300 mm. Altura total 1.800 mm. Incluye: tolva con capacidad \u00fatil de 20 litros, bomba 17 litros\/min, cuadro de regulaci\u00f3n de nivel + sondas, puente encajable sobre la tolva para fijar la sonda de nivel y el cuello de cisne, 2 racores 035HAC, 1 racor 035HGB, 5 metros de tubo 047LMA 25&#215;36, juntas y abrazaderas.<\/p>\n","protected":false},"excerpt":{"rendered":"<p>42951<\/p>\n","protected":false},"featured_media":23345,"comment_status":"closed","ping_status":"closed","template":"","meta":{"_acf_changed":false},"product_brand":[],"product_cat":[1503],"product_tag":[],"class_list":{"0":"post-42951","1":"product","2":"type-product","3":"status-publish","4":"has-post-thumbnail","6":"product_cat-desnatadoras-y-mantequillas","8":"first","9":"onbackorder","10":"taxable","11":"shipping-taxable","12":"purchasable","13":"product-type-simple"},"acf":[],"_links":{"self":[{"href":"https:\/\/www.coquard.fr\/es\/wp-json\/wp\/v2\/product\/42951","targetHints":{"allow":["GET"]}}],"collection":[{"href":"https:\/\/www.coquard.fr\/es\/wp-json\/wp\/v2\/product"}],"about":[{"href":"https:\/\/www.coquard.fr\/es\/wp-json\/wp\/v2\/types\/product"}],"replies":[{"embeddable":true,"href":"https:\/\/www.coquard.fr\/es\/wp-json\/wp\/v2\/comments?post=42951"}],"wp:featuredmedia":[{"embeddable":true,"href":"https:\/\/www.coquard.fr\/es\/wp-json\/wp\/v2\/media\/23345"}],"wp:attachment":[{"href":"https:\/\/www.coquard.fr\/es\/wp-json\/wp\/v2\/media?parent=42951"}],"wp:term":[{"taxonomy":"product_brand","embeddable":true,"href":"https:\/\/www.coquard.fr\/es\/wp-json\/wp\/v2\/product_brand?post=42951"},{"taxonomy":"product_cat","embeddable":true,"href":"https:\/\/www.coquard.fr\/es\/wp-json\/wp\/v2\/product_cat?post=42951"},{"taxonomy":"product_tag","embeddable":true,"href":"https:\/\/www.coquard.fr\/es\/wp-json\/wp\/v2\/product_tag?post=42951"}],"curies":[{"name":"wp","href":"https:\/\/api.w.org\/{rel}","templated":true}]}}