{"id":42859,"date":"2022-01-18T22:06:07","date_gmt":"2022-01-18T21:06:07","guid":{"rendered":"https:\/\/www.coquard.fr\/produit\/tranche-caille-6-lames-150x500-mm"},"modified":"2026-01-08T15:01:15","modified_gmt":"2026-01-08T14:01:15","slug":"tranche-caille-6-lames-150x500-mm","status":"publish","type":"product","link":"https:\/\/www.coquard.fr\/es\/produit\/tranche-caille-6-lames-150x500-mm","title":{"rendered":"LIRA DE CUCHILLOS 6 CUCHILLOS"},"content":{"rendered":"<p>Lira de corte para corte de la cuajada en barre\u00f1o de 50 a 75 litros o tina de 200 litros. Anchura del corte 150 mm. Longitud del corte 500 mm. Longitud total con empu\u00f1adura 600 mm. Separaci\u00f3n entre las cuchillas 30 mm.<\/p>\n","protected":false},"excerpt":{"rendered":"<p>42859<\/p>\n","protected":false},"featured_media":23402,"comment_status":"closed","ping_status":"closed","template":"","meta":{"_acf_changed":false},"product_brand":[],"product_cat":[1489],"product_tag":[],"class_list":{"0":"post-42859","1":"product","2":"type-product","3":"status-publish","4":"has-post-thumbnail","6":"product_cat-barrenos-y-materiales-de-cuajadura","8":"first","9":"instock","10":"taxable","11":"shipping-taxable","12":"purchasable","13":"product-type-simple"},"acf":[],"_links":{"self":[{"href":"https:\/\/www.coquard.fr\/es\/wp-json\/wp\/v2\/product\/42859","targetHints":{"allow":["GET"]}}],"collection":[{"href":"https:\/\/www.coquard.fr\/es\/wp-json\/wp\/v2\/product"}],"about":[{"href":"https:\/\/www.coquard.fr\/es\/wp-json\/wp\/v2\/types\/product"}],"replies":[{"embeddable":true,"href":"https:\/\/www.coquard.fr\/es\/wp-json\/wp\/v2\/comments?post=42859"}],"wp:featuredmedia":[{"embeddable":true,"href":"https:\/\/www.coquard.fr\/es\/wp-json\/wp\/v2\/media\/23402"}],"wp:attachment":[{"href":"https:\/\/www.coquard.fr\/es\/wp-json\/wp\/v2\/media?parent=42859"}],"wp:term":[{"taxonomy":"product_brand","embeddable":true,"href":"https:\/\/www.coquard.fr\/es\/wp-json\/wp\/v2\/product_brand?post=42859"},{"taxonomy":"product_cat","embeddable":true,"href":"https:\/\/www.coquard.fr\/es\/wp-json\/wp\/v2\/product_cat?post=42859"},{"taxonomy":"product_tag","embeddable":true,"href":"https:\/\/www.coquard.fr\/es\/wp-json\/wp\/v2\/product_tag?post=42859"}],"curies":[{"name":"wp","href":"https:\/\/api.w.org\/{rel}","templated":true}]}}