{"id":42843,"date":"2020-07-17T10:50:21","date_gmt":"2020-07-17T08:50:21","guid":{"rendered":"https:\/\/www.coquard.fr\/produit\/plaque-moulage-72-coeurs-9x8-dim-coeurs-45-x-58"},"modified":"2026-01-30T13:49:56","modified_gmt":"2026-01-30T12:49:56","slug":"plaque-moulage-72-coeurs-9x8-dim-coeurs-45-x-58","status":"publish","type":"product","link":"https:\/\/www.coquard.fr\/es\/produit\/plaque-moulage-72-coeurs-9x8-dim-coeurs-45-x-58","title":{"rendered":"PLACA DE MOLDEADO TIPO CORAZON 72 AGUJEROS"},"content":{"rendered":"<p>Placa de moldeo para quesos en forma de coraz\u00f3n. Ideal para el moldeo de cuajada predesuerada. Coraz\u00f3n de anchura 45 mm y altura 58 mm. Placa de pl\u00e1stico blanco para el moldeo de 8 x 9, es decir 72 quesos. Dimensiones de la placa: longitud 610 mm, anchura 490 mm, espesor 20 mm.<\/p>\n","protected":false},"excerpt":{"rendered":"<p>42843<\/p>\n","protected":false},"featured_media":24098,"comment_status":"closed","ping_status":"closed","template":"","meta":{"_acf_changed":false},"product_brand":[],"product_cat":[1514],"product_tag":[],"class_list":{"0":"post-42843","1":"product","2":"type-product","3":"status-publish","4":"has-post-thumbnail","6":"product_cat-placas-de-moldeado-caja-de-desuerado","8":"first","9":"onbackorder","10":"taxable","11":"shipping-taxable","12":"purchasable","13":"product-type-simple"},"acf":[],"_links":{"self":[{"href":"https:\/\/www.coquard.fr\/es\/wp-json\/wp\/v2\/product\/42843","targetHints":{"allow":["GET"]}}],"collection":[{"href":"https:\/\/www.coquard.fr\/es\/wp-json\/wp\/v2\/product"}],"about":[{"href":"https:\/\/www.coquard.fr\/es\/wp-json\/wp\/v2\/types\/product"}],"replies":[{"embeddable":true,"href":"https:\/\/www.coquard.fr\/es\/wp-json\/wp\/v2\/comments?post=42843"}],"wp:featuredmedia":[{"embeddable":true,"href":"https:\/\/www.coquard.fr\/es\/wp-json\/wp\/v2\/media\/24098"}],"wp:attachment":[{"href":"https:\/\/www.coquard.fr\/es\/wp-json\/wp\/v2\/media?parent=42843"}],"wp:term":[{"taxonomy":"product_brand","embeddable":true,"href":"https:\/\/www.coquard.fr\/es\/wp-json\/wp\/v2\/product_brand?post=42843"},{"taxonomy":"product_cat","embeddable":true,"href":"https:\/\/www.coquard.fr\/es\/wp-json\/wp\/v2\/product_cat?post=42843"},{"taxonomy":"product_tag","embeddable":true,"href":"https:\/\/www.coquard.fr\/es\/wp-json\/wp\/v2\/product_tag?post=42843"}],"curies":[{"name":"wp","href":"https:\/\/api.w.org\/{rel}","templated":true}]}}