{"id":42841,"date":"2020-07-17T10:50:26","date_gmt":"2020-07-17T08:50:26","guid":{"rendered":"https:\/\/www.coquard.fr\/produit\/plaque-moulage-28-buches-058pfa"},"modified":"2026-01-30T13:50:00","modified_gmt":"2026-01-30T12:50:00","slug":"plaque-moulage-28-buches-058pfa","status":"publish","type":"product","link":"https:\/\/www.coquard.fr\/es\/produit\/plaque-moulage-28-buches-058pfa","title":{"rendered":"PLACA DE MODLEADO PARA 28 TRONCOS 058PFA"},"content":{"rendered":"<p>Placa de moldeo espec\u00edfica para moldes Ste-Maure Ref. 058PFA (vendidos por separado). La placa permite una colocaci\u00f3n de los moldes facilitada, un moldeo r\u00e1pido, una distribuci\u00f3n regular de la cuajada, una ganancia de espacio en el desuerado, un desmoldeo facilitado y una limpieza sencilla. Placa encajable sobre una caja perforada durante el desuerado (Ref. 154FQA). Placa encajable sobre una caja de altura 200 mm (Ref. 154JAD) para el desmoldeo (permite realzar los moldes). Dimensiones de la placa: 620 mm x 420 mm para 28 moldes Ref. 058PFA. Se utiliza con cintur\u00f3n de acero inoxidable 060FCB.<\/p>\n","protected":false},"excerpt":{"rendered":"<p>42841<\/p>\n","protected":false},"featured_media":23888,"comment_status":"closed","ping_status":"closed","template":"","meta":{"_acf_changed":false},"product_brand":[],"product_cat":[1514],"product_tag":[],"class_list":{"0":"post-42841","1":"product","2":"type-product","3":"status-publish","4":"has-post-thumbnail","6":"product_cat-placas-de-moldeado-caja-de-desuerado","8":"first","9":"instock","10":"taxable","11":"shipping-taxable","12":"purchasable","13":"product-type-simple"},"acf":[],"yoast_head":"<!-- This site is optimized with the Yoast SEO plugin v27.5 - https:\/\/yoast.com\/product\/yoast-seo-wordpress\/ -->\n<title>PLACA DE MODLEADO PARA 28 TRONCOS 058PFA - Ets Coquard<\/title>\n<meta name=\"robots\" content=\"index, follow, max-snippet:-1, max-image-preview:large, max-video-preview:-1\" \/>\n<link rel=\"canonical\" href=\"https:\/\/www.coquard.fr\/produit\/plaque-moulage-28-buches-058pfa\" \/>\n<meta property=\"og:locale\" content=\"es_ES\" \/>\n<meta property=\"og:type\" content=\"article\" \/>\n<meta property=\"og:title\" content=\"PLACA DE MODLEADO PARA 28 TRONCOS 058PFA - Ets Coquard\" \/>\n<meta property=\"og:description\" content=\"42841\" \/>\n<meta property=\"og:url\" content=\"https:\/\/www.coquard.fr\/produit\/plaque-moulage-28-buches-058pfa\" \/>\n<meta property=\"og:site_name\" content=\"Ets Coquard\" \/>\n<meta property=\"article:modified_time\" content=\"2026-01-30T12:50:00+00:00\" \/>\n<meta property=\"og:image\" content=\"https:\/\/www.coquard.fr\/wp-content\/uploads\/041pcb-plaquedemoulage620x420-058pfa-materieldefromagerie-photo1.jpeg\" \/>\n\t<meta property=\"og:image:width\" content=\"1000\" \/>\n\t<meta property=\"og:image:height\" content=\"1000\" \/>\n\t<meta property=\"og:image:type\" content=\"image\/jpeg\" \/>\n<meta name=\"twitter:card\" content=\"summary_large_image\" \/>\n<script type=\"application\/ld+json\" class=\"yoast-schema-graph\">{\"@context\":\"https:\\\/\\\/schema.org\",\"@graph\":[{\"@type\":\"WebPage\",\"@id\":\"https:\\\/\\\/www.coquard.fr\\\/produit\\\/plaque-moulage-28-buches-058pfa\",\"url\":\"https:\\\/\\\/www.coquard.fr\\\/produit\\\/plaque-moulage-28-buches-058pfa\",\"name\":\"PLACA DE MODLEADO PARA 28 TRONCOS 058PFA - Ets Coquard\",\"isPartOf\":{\"@id\":\"https:\\\/\\\/www.coquard.fr\\\/#website\"},\"primaryImageOfPage\":{\"@id\":\"https:\\\/\\\/www.coquard.fr\\\/produit\\\/plaque-moulage-28-buches-058pfa#primaryimage\"},\"image\":{\"@id\":\"https:\\\/\\\/www.coquard.fr\\\/produit\\\/plaque-moulage-28-buches-058pfa#primaryimage\"},\"thumbnailUrl\":\"https:\\\/\\\/www.coquard.fr\\\/wp-content\\\/uploads\\\/041pcb-plaquedemoulage620x420-058pfa-materieldefromagerie-photo1.jpeg\",\"datePublished\":\"2020-07-17T08:50:26+00:00\",\"dateModified\":\"2026-01-30T12:50:00+00:00\",\"breadcrumb\":{\"@id\":\"https:\\\/\\\/www.coquard.fr\\\/produit\\\/plaque-moulage-28-buches-058pfa#breadcrumb\"},\"inLanguage\":\"es\",\"potentialAction\":[{\"@type\":\"ReadAction\",\"target\":[\"https:\\\/\\\/www.coquard.fr\\\/produit\\\/plaque-moulage-28-buches-058pfa\"]}]},{\"@type\":\"ImageObject\",\"inLanguage\":\"es\",\"@id\":\"https:\\\/\\\/www.coquard.fr\\\/produit\\\/plaque-moulage-28-buches-058pfa#primaryimage\",\"url\":\"https:\\\/\\\/www.coquard.fr\\\/wp-content\\\/uploads\\\/041pcb-plaquedemoulage620x420-058pfa-materieldefromagerie-photo1.jpeg\",\"contentUrl\":\"https:\\\/\\\/www.coquard.fr\\\/wp-content\\\/uploads\\\/041pcb-plaquedemoulage620x420-058pfa-materieldefromagerie-photo1.jpeg\",\"width\":1000,\"height\":1000},{\"@type\":\"BreadcrumbList\",\"@id\":\"https:\\\/\\\/www.coquard.fr\\\/produit\\\/plaque-moulage-28-buches-058pfa#breadcrumb\",\"itemListElement\":[{\"@type\":\"ListItem\",\"position\":1,\"name\":\"Home\",\"item\":\"https:\\\/\\\/www.coquard.fr\\\/es\"},{\"@type\":\"ListItem\",\"position\":2,\"name\":\"Tienda\",\"item\":\"https:\\\/\\\/www.coquard.fr\\\/es\\\/tienda\"},{\"@type\":\"ListItem\",\"position\":3,\"name\":\"PLACA DE MODLEADO PARA 28 TRONCOS 058PFA\"}]},{\"@type\":\"WebSite\",\"@id\":\"https:\\\/\\\/www.coquard.fr\\\/#website\",\"url\":\"https:\\\/\\\/www.coquard.fr\\\/\",\"name\":\"Ets Coquard\",\"description\":\"Equipements fromagerie fermi\u00e8re\",\"publisher\":{\"@id\":\"https:\\\/\\\/www.coquard.fr\\\/#organization\"},\"potentialAction\":[{\"@type\":\"SearchAction\",\"target\":{\"@type\":\"EntryPoint\",\"urlTemplate\":\"https:\\\/\\\/www.coquard.fr\\\/?s={search_term_string}\"},\"query-input\":{\"@type\":\"PropertyValueSpecification\",\"valueRequired\":true,\"valueName\":\"search_term_string\"}}],\"inLanguage\":\"es\"},{\"@type\":\"Organization\",\"@id\":\"https:\\\/\\\/www.coquard.fr\\\/#organization\",\"name\":\"Coquard\",\"url\":\"https:\\\/\\\/www.coquard.fr\\\/\",\"logo\":{\"@type\":\"ImageObject\",\"inLanguage\":\"es\",\"@id\":\"https:\\\/\\\/www.coquard.fr\\\/#\\\/schema\\\/logo\\\/image\\\/\",\"url\":\"https:\\\/\\\/www.coquard.fr\\\/wp-content\\\/uploads\\\/cropped-logo-coquard-quadri-fond-blanc.png\",\"contentUrl\":\"https:\\\/\\\/www.coquard.fr\\\/wp-content\\\/uploads\\\/cropped-logo-coquard-quadri-fond-blanc.png\",\"width\":1824,\"height\":701,\"caption\":\"Coquard\"},\"image\":{\"@id\":\"https:\\\/\\\/www.coquard.fr\\\/#\\\/schema\\\/logo\\\/image\\\/\"}}]}<\/script>\n<!-- \/ Yoast SEO plugin. -->","yoast_head_json":{"title":"PLACA DE MODLEADO PARA 28 TRONCOS 058PFA - Ets Coquard","robots":{"index":"index","follow":"follow","max-snippet":"max-snippet:-1","max-image-preview":"max-image-preview:large","max-video-preview":"max-video-preview:-1"},"canonical":"https:\/\/www.coquard.fr\/produit\/plaque-moulage-28-buches-058pfa","og_locale":"es_ES","og_type":"article","og_title":"PLACA DE MODLEADO PARA 28 TRONCOS 058PFA - Ets Coquard","og_description":"42841","og_url":"https:\/\/www.coquard.fr\/produit\/plaque-moulage-28-buches-058pfa","og_site_name":"Ets Coquard","article_modified_time":"2026-01-30T12:50:00+00:00","og_image":[{"width":1000,"height":1000,"url":"https:\/\/www.coquard.fr\/wp-content\/uploads\/041pcb-plaquedemoulage620x420-058pfa-materieldefromagerie-photo1.jpeg","type":"image\/jpeg"}],"twitter_card":"summary_large_image","schema":{"@context":"https:\/\/schema.org","@graph":[{"@type":"WebPage","@id":"https:\/\/www.coquard.fr\/produit\/plaque-moulage-28-buches-058pfa","url":"https:\/\/www.coquard.fr\/produit\/plaque-moulage-28-buches-058pfa","name":"PLACA DE MODLEADO PARA 28 TRONCOS 058PFA - Ets Coquard","isPartOf":{"@id":"https:\/\/www.coquard.fr\/#website"},"primaryImageOfPage":{"@id":"https:\/\/www.coquard.fr\/produit\/plaque-moulage-28-buches-058pfa#primaryimage"},"image":{"@id":"https:\/\/www.coquard.fr\/produit\/plaque-moulage-28-buches-058pfa#primaryimage"},"thumbnailUrl":"https:\/\/www.coquard.fr\/wp-content\/uploads\/041pcb-plaquedemoulage620x420-058pfa-materieldefromagerie-photo1.jpeg","datePublished":"2020-07-17T08:50:26+00:00","dateModified":"2026-01-30T12:50:00+00:00","breadcrumb":{"@id":"https:\/\/www.coquard.fr\/produit\/plaque-moulage-28-buches-058pfa#breadcrumb"},"inLanguage":"es","potentialAction":[{"@type":"ReadAction","target":["https:\/\/www.coquard.fr\/produit\/plaque-moulage-28-buches-058pfa"]}]},{"@type":"ImageObject","inLanguage":"es","@id":"https:\/\/www.coquard.fr\/produit\/plaque-moulage-28-buches-058pfa#primaryimage","url":"https:\/\/www.coquard.fr\/wp-content\/uploads\/041pcb-plaquedemoulage620x420-058pfa-materieldefromagerie-photo1.jpeg","contentUrl":"https:\/\/www.coquard.fr\/wp-content\/uploads\/041pcb-plaquedemoulage620x420-058pfa-materieldefromagerie-photo1.jpeg","width":1000,"height":1000},{"@type":"BreadcrumbList","@id":"https:\/\/www.coquard.fr\/produit\/plaque-moulage-28-buches-058pfa#breadcrumb","itemListElement":[{"@type":"ListItem","position":1,"name":"Home","item":"https:\/\/www.coquard.fr\/es"},{"@type":"ListItem","position":2,"name":"Tienda","item":"https:\/\/www.coquard.fr\/es\/tienda"},{"@type":"ListItem","position":3,"name":"PLACA DE MODLEADO PARA 28 TRONCOS 058PFA"}]},{"@type":"WebSite","@id":"https:\/\/www.coquard.fr\/#website","url":"https:\/\/www.coquard.fr\/","name":"Ets Coquard","description":"Equipements fromagerie fermi\u00e8re","publisher":{"@id":"https:\/\/www.coquard.fr\/#organization"},"potentialAction":[{"@type":"SearchAction","target":{"@type":"EntryPoint","urlTemplate":"https:\/\/www.coquard.fr\/?s={search_term_string}"},"query-input":{"@type":"PropertyValueSpecification","valueRequired":true,"valueName":"search_term_string"}}],"inLanguage":"es"},{"@type":"Organization","@id":"https:\/\/www.coquard.fr\/#organization","name":"Coquard","url":"https:\/\/www.coquard.fr\/","logo":{"@type":"ImageObject","inLanguage":"es","@id":"https:\/\/www.coquard.fr\/#\/schema\/logo\/image\/","url":"https:\/\/www.coquard.fr\/wp-content\/uploads\/cropped-logo-coquard-quadri-fond-blanc.png","contentUrl":"https:\/\/www.coquard.fr\/wp-content\/uploads\/cropped-logo-coquard-quadri-fond-blanc.png","width":1824,"height":701,"caption":"Coquard"},"image":{"@id":"https:\/\/www.coquard.fr\/#\/schema\/logo\/image\/"}}]}},"_links":{"self":[{"href":"https:\/\/www.coquard.fr\/es\/wp-json\/wp\/v2\/product\/42841","targetHints":{"allow":["GET"]}}],"collection":[{"href":"https:\/\/www.coquard.fr\/es\/wp-json\/wp\/v2\/product"}],"about":[{"href":"https:\/\/www.coquard.fr\/es\/wp-json\/wp\/v2\/types\/product"}],"replies":[{"embeddable":true,"href":"https:\/\/www.coquard.fr\/es\/wp-json\/wp\/v2\/comments?post=42841"}],"wp:featuredmedia":[{"embeddable":true,"href":"https:\/\/www.coquard.fr\/es\/wp-json\/wp\/v2\/media\/23888"}],"wp:attachment":[{"href":"https:\/\/www.coquard.fr\/es\/wp-json\/wp\/v2\/media?parent=42841"}],"wp:term":[{"taxonomy":"product_brand","embeddable":true,"href":"https:\/\/www.coquard.fr\/es\/wp-json\/wp\/v2\/product_brand?post=42841"},{"taxonomy":"product_cat","embeddable":true,"href":"https:\/\/www.coquard.fr\/es\/wp-json\/wp\/v2\/product_cat?post=42841"},{"taxonomy":"product_tag","embeddable":true,"href":"https:\/\/www.coquard.fr\/es\/wp-json\/wp\/v2\/product_tag?post=42841"}],"curies":[{"name":"wp","href":"https:\/\/api.w.org\/{rel}","templated":true}]}}