{"id":42823,"date":"2021-12-23T22:03:38","date_gmt":"2021-12-23T21:03:38","guid":{"rendered":"https:\/\/www.coquard.fr\/produit\/repartiteur-inox-pour-058caa"},"modified":"2026-03-03T20:18:24","modified_gmt":"2026-03-03T19:18:24","slug":"repartiteur-inox-pour-058caa","status":"publish","type":"product","link":"https:\/\/www.coquard.fr\/es\/produit\/repartiteur-inox-pour-058caa","title":{"rendered":"REPARTIDOR DE INOXIDABLE PARA MOLDES DIAMETRO 73 mm"},"content":{"rendered":"<p>Distribuidor para facilitar y acelerar el moldeo en moldes individuales. 6 l\u00edneas de 8 orificios al tresbolillo (48). Para moldes St-Marcellin mini 50 g (Ref. 058CAA), o todos los dem\u00e1s moldes de di\u00e1metro exterior de 76 mm y di\u00e1metro interior de 73 mm. Dimensiones 630 mm x 510 mm x Borde 50 mm. Peso 4 kg aproximadamente.<\/p>\n","protected":false},"excerpt":{"rendered":"<p>42823<\/p>\n","protected":false},"featured_media":35654,"comment_status":"closed","ping_status":"closed","template":"","meta":{"_acf_changed":false},"product_brand":[],"product_cat":[1541],"product_tag":[],"class_list":{"0":"post-42823","1":"product","2":"type-product","3":"status-publish","4":"has-post-thumbnail","6":"product_cat-repartidores-de-inoxidable","8":"first","9":"onbackorder","10":"taxable","11":"shipping-taxable","12":"purchasable","13":"product-type-simple"},"acf":[],"_links":{"self":[{"href":"https:\/\/www.coquard.fr\/es\/wp-json\/wp\/v2\/product\/42823","targetHints":{"allow":["GET"]}}],"collection":[{"href":"https:\/\/www.coquard.fr\/es\/wp-json\/wp\/v2\/product"}],"about":[{"href":"https:\/\/www.coquard.fr\/es\/wp-json\/wp\/v2\/types\/product"}],"replies":[{"embeddable":true,"href":"https:\/\/www.coquard.fr\/es\/wp-json\/wp\/v2\/comments?post=42823"}],"wp:featuredmedia":[{"embeddable":true,"href":"https:\/\/www.coquard.fr\/es\/wp-json\/wp\/v2\/media\/35654"}],"wp:attachment":[{"href":"https:\/\/www.coquard.fr\/es\/wp-json\/wp\/v2\/media?parent=42823"}],"wp:term":[{"taxonomy":"product_brand","embeddable":true,"href":"https:\/\/www.coquard.fr\/es\/wp-json\/wp\/v2\/product_brand?post=42823"},{"taxonomy":"product_cat","embeddable":true,"href":"https:\/\/www.coquard.fr\/es\/wp-json\/wp\/v2\/product_cat?post=42823"},{"taxonomy":"product_tag","embeddable":true,"href":"https:\/\/www.coquard.fr\/es\/wp-json\/wp\/v2\/product_tag?post=42823"}],"curies":[{"name":"wp","href":"https:\/\/api.w.org\/{rel}","templated":true}]}}