{"id":42817,"date":"2020-07-17T10:52:34","date_gmt":"2020-07-17T08:52:34","guid":{"rendered":"https:\/\/www.coquard.fr\/produit\/repartiteur-6x7-trous-pour-058cka"},"modified":"2026-01-08T15:04:57","modified_gmt":"2026-01-08T14:04:57","slug":"repartiteur-6x7-trous-pour-058cka","status":"publish","type":"product","link":"https:\/\/www.coquard.fr\/es\/produit\/repartiteur-6x7-trous-pour-058cka","title":{"rendered":"REPARTIDOR DE INOXIDABLE PARA MOLDES DIAMETRO 80 mm"},"content":{"rendered":"<p>Distribuidor para facilitar y acelerar el moldeo en moldes individuales. 6 x 7 orificios al tresbolillo (42). Para moldes Chevret (Ref. 058CKA), moldes Baby cono truncado (Ref. 058OHA) o todos los dem\u00e1s moldes de di\u00e1metro exterior 84 mm y di\u00e1metro interior 80 mm. Dimensiones 630 mm x 510 mm x Borde 50 mm. Peso 4 kg aproximadamente.<\/p>\n","protected":false},"excerpt":{"rendered":"<p>42817<\/p>\n","protected":false},"featured_media":35659,"comment_status":"closed","ping_status":"closed","template":"","meta":{"_acf_changed":false},"product_brand":[],"product_cat":[1541],"product_tag":[],"class_list":{"0":"post-42817","1":"product","2":"type-product","3":"status-publish","4":"has-post-thumbnail","6":"product_cat-repartidores-de-inoxidable","8":"first","9":"instock","10":"taxable","11":"shipping-taxable","12":"purchasable","13":"product-type-simple"},"acf":[],"_links":{"self":[{"href":"https:\/\/www.coquard.fr\/es\/wp-json\/wp\/v2\/product\/42817","targetHints":{"allow":["GET"]}}],"collection":[{"href":"https:\/\/www.coquard.fr\/es\/wp-json\/wp\/v2\/product"}],"about":[{"href":"https:\/\/www.coquard.fr\/es\/wp-json\/wp\/v2\/types\/product"}],"replies":[{"embeddable":true,"href":"https:\/\/www.coquard.fr\/es\/wp-json\/wp\/v2\/comments?post=42817"}],"wp:featuredmedia":[{"embeddable":true,"href":"https:\/\/www.coquard.fr\/es\/wp-json\/wp\/v2\/media\/35659"}],"wp:attachment":[{"href":"https:\/\/www.coquard.fr\/es\/wp-json\/wp\/v2\/media?parent=42817"}],"wp:term":[{"taxonomy":"product_brand","embeddable":true,"href":"https:\/\/www.coquard.fr\/es\/wp-json\/wp\/v2\/product_brand?post=42817"},{"taxonomy":"product_cat","embeddable":true,"href":"https:\/\/www.coquard.fr\/es\/wp-json\/wp\/v2\/product_cat?post=42817"},{"taxonomy":"product_tag","embeddable":true,"href":"https:\/\/www.coquard.fr\/es\/wp-json\/wp\/v2\/product_tag?post=42817"}],"curies":[{"name":"wp","href":"https:\/\/api.w.org\/{rel}","templated":true}]}}