{"id":42813,"date":"2020-07-17T10:52:55","date_gmt":"2020-07-17T08:52:55","guid":{"rendered":"https:\/\/www.coquard.fr\/produit\/repartiteur-inox-5x6-trous-pour-058cfa"},"modified":"2026-01-08T15:05:29","modified_gmt":"2026-01-08T14:05:29","slug":"repartiteur-inox-5x6-trous-pour-058cfa","status":"publish","type":"product","link":"https:\/\/www.coquard.fr\/es\/produit\/repartiteur-inox-5x6-trous-pour-058cfa","title":{"rendered":"REPARTIDOR DE INOXIDABLE PARA MOLDES DIAM. 94 A 96 MM"},"content":{"rendered":"<p>Distribuidor para facilitar y acelerar el moldeo en moldes individuales. 5 x 6 orificios en l\u00ednea (30). Para moldes St-Marcellin (Ref. 058CFA o 058CMA) o todos los dem\u00e1s moldes de di\u00e1metro exterior de 100 a 101 mm y di\u00e1metro interior de 94 a 96 mm. Dimensiones 630 mm x 510 mm x Borde 50 mm. Peso 4,1 kg.<\/p>\n","protected":false},"excerpt":{"rendered":"<p>42813<\/p>\n","protected":false},"featured_media":35694,"comment_status":"closed","ping_status":"closed","template":"","meta":{"_acf_changed":false},"product_brand":[],"product_cat":[1541],"product_tag":[],"class_list":{"0":"post-42813","1":"product","2":"type-product","3":"status-publish","4":"has-post-thumbnail","6":"product_cat-repartidores-de-inoxidable","8":"first","9":"onbackorder","10":"taxable","11":"shipping-taxable","12":"purchasable","13":"product-type-simple"},"acf":[],"_links":{"self":[{"href":"https:\/\/www.coquard.fr\/es\/wp-json\/wp\/v2\/product\/42813","targetHints":{"allow":["GET"]}}],"collection":[{"href":"https:\/\/www.coquard.fr\/es\/wp-json\/wp\/v2\/product"}],"about":[{"href":"https:\/\/www.coquard.fr\/es\/wp-json\/wp\/v2\/types\/product"}],"replies":[{"embeddable":true,"href":"https:\/\/www.coquard.fr\/es\/wp-json\/wp\/v2\/comments?post=42813"}],"wp:featuredmedia":[{"embeddable":true,"href":"https:\/\/www.coquard.fr\/es\/wp-json\/wp\/v2\/media\/35694"}],"wp:attachment":[{"href":"https:\/\/www.coquard.fr\/es\/wp-json\/wp\/v2\/media?parent=42813"}],"wp:term":[{"taxonomy":"product_brand","embeddable":true,"href":"https:\/\/www.coquard.fr\/es\/wp-json\/wp\/v2\/product_brand?post=42813"},{"taxonomy":"product_cat","embeddable":true,"href":"https:\/\/www.coquard.fr\/es\/wp-json\/wp\/v2\/product_cat?post=42813"},{"taxonomy":"product_tag","embeddable":true,"href":"https:\/\/www.coquard.fr\/es\/wp-json\/wp\/v2\/product_tag?post=42813"}],"curies":[{"name":"wp","href":"https:\/\/api.w.org\/{rel}","templated":true}]}}