{"id":42806,"date":"2020-07-17T10:53:13","date_gmt":"2020-07-17T08:53:13","guid":{"rendered":"https:\/\/www.coquard.fr\/produit\/repart-inox-6x6-en-ligne-058lca"},"modified":"2026-01-08T15:05:57","modified_gmt":"2026-01-08T14:05:57","slug":"repart-inox-6x6-en-ligne-058lca","status":"publish","type":"product","link":"https:\/\/www.coquard.fr\/es\/produit\/repart-inox-6x6-en-ligne-058lca","title":{"rendered":"REPARTIDOR DE INOXIDABLE PARA MOLDES RODILLOS 63 mm"},"content":{"rendered":"<p>Distribuidor para facilitar y acelerar el moldeo en moldes individuales. Para 36 moldes B\u00fbche sin fondo (Ref. 058LCA), o todos los dem\u00e1s moldes de di\u00e1metro exterior de 70 mm y di\u00e1metro interior de 63 mm. 6 x 6 orificios en l\u00ednea (36). Peso 2,8 kg.<\/p>\n","protected":false},"excerpt":{"rendered":"<p>42806<\/p>\n","protected":false},"featured_media":25292,"comment_status":"closed","ping_status":"closed","template":"","meta":{"_acf_changed":false},"product_brand":[],"product_cat":[1541],"product_tag":[],"class_list":{"0":"post-42806","1":"product","2":"type-product","3":"status-publish","4":"has-post-thumbnail","6":"product_cat-repartidores-de-inoxidable","8":"first","9":"instock","10":"taxable","11":"shipping-taxable","12":"purchasable","13":"product-type-simple"},"acf":[],"_links":{"self":[{"href":"https:\/\/www.coquard.fr\/es\/wp-json\/wp\/v2\/product\/42806","targetHints":{"allow":["GET"]}}],"collection":[{"href":"https:\/\/www.coquard.fr\/es\/wp-json\/wp\/v2\/product"}],"about":[{"href":"https:\/\/www.coquard.fr\/es\/wp-json\/wp\/v2\/types\/product"}],"replies":[{"embeddable":true,"href":"https:\/\/www.coquard.fr\/es\/wp-json\/wp\/v2\/comments?post=42806"}],"wp:featuredmedia":[{"embeddable":true,"href":"https:\/\/www.coquard.fr\/es\/wp-json\/wp\/v2\/media\/25292"}],"wp:attachment":[{"href":"https:\/\/www.coquard.fr\/es\/wp-json\/wp\/v2\/media?parent=42806"}],"wp:term":[{"taxonomy":"product_brand","embeddable":true,"href":"https:\/\/www.coquard.fr\/es\/wp-json\/wp\/v2\/product_brand?post=42806"},{"taxonomy":"product_cat","embeddable":true,"href":"https:\/\/www.coquard.fr\/es\/wp-json\/wp\/v2\/product_cat?post=42806"},{"taxonomy":"product_tag","embeddable":true,"href":"https:\/\/www.coquard.fr\/es\/wp-json\/wp\/v2\/product_tag?post=42806"}],"curies":[{"name":"wp","href":"https:\/\/api.w.org\/{rel}","templated":true}]}}