{"id":42496,"date":"2020-07-17T11:10:42","date_gmt":"2020-07-17T09:10:42","guid":{"rendered":"https:\/\/www.coquard.fr\/produit\/distributeur-a-savon"},"modified":"2026-01-08T15:26:33","modified_gmt":"2026-01-08T14:26:33","slug":"distributeur-a-savon","status":"publish","type":"product","link":"https:\/\/www.coquard.fr\/es\/produit\/distributeur-a-savon","title":{"rendered":"DISPENSADOR DE JAB\u00d3N"},"content":{"rendered":"<p>Dispensador pl\u00e1stico de jab\u00f3n l\u00edquido. \ufeff\ufeffCapacidad de 1 litro. Se fija al muro.<\/p>\n","protected":false},"excerpt":{"rendered":"<p>42496<\/p>\n","protected":false},"featured_media":47746,"comment_status":"closed","ping_status":"closed","template":"","meta":{"_acf_changed":false},"product_brand":[],"product_cat":[1592],"product_tag":[],"class_list":{"0":"post-42496","1":"product","2":"type-product","3":"status-publish","4":"has-post-thumbnail","6":"product_cat-productos-de-limpieza-y-higiene","8":"first","9":"instock","10":"taxable","11":"shipping-taxable","12":"purchasable","13":"product-type-simple"},"acf":[],"_links":{"self":[{"href":"https:\/\/www.coquard.fr\/es\/wp-json\/wp\/v2\/product\/42496","targetHints":{"allow":["GET"]}}],"collection":[{"href":"https:\/\/www.coquard.fr\/es\/wp-json\/wp\/v2\/product"}],"about":[{"href":"https:\/\/www.coquard.fr\/es\/wp-json\/wp\/v2\/types\/product"}],"replies":[{"embeddable":true,"href":"https:\/\/www.coquard.fr\/es\/wp-json\/wp\/v2\/comments?post=42496"}],"wp:featuredmedia":[{"embeddable":true,"href":"https:\/\/www.coquard.fr\/es\/wp-json\/wp\/v2\/media\/47746"}],"wp:attachment":[{"href":"https:\/\/www.coquard.fr\/es\/wp-json\/wp\/v2\/media?parent=42496"}],"wp:term":[{"taxonomy":"product_brand","embeddable":true,"href":"https:\/\/www.coquard.fr\/es\/wp-json\/wp\/v2\/product_brand?post=42496"},{"taxonomy":"product_cat","embeddable":true,"href":"https:\/\/www.coquard.fr\/es\/wp-json\/wp\/v2\/product_cat?post=42496"},{"taxonomy":"product_tag","embeddable":true,"href":"https:\/\/www.coquard.fr\/es\/wp-json\/wp\/v2\/product_tag?post=42496"}],"curies":[{"name":"wp","href":"https:\/\/api.w.org\/{rel}","templated":true}]}}