{"id":42491,"date":"2022-01-27T22:03:12","date_gmt":"2022-01-27T21:03:12","guid":{"rendered":"https:\/\/www.coquard.fr\/produit\/repartiteur-inox-pour-macon-60-trous-moule-058baa"},"modified":"2026-01-08T15:04:34","modified_gmt":"2026-01-08T14:04:34","slug":"repartiteur-inox-pour-macon-60-trous-moule-058baa","status":"publish","type":"product","link":"https:\/\/www.coquard.fr\/es\/produit\/repartiteur-inox-pour-macon-60-trous-moule-058baa","title":{"rendered":"REPARTIDOR DE INOXIDABLE PARA MOLDES DIAMETRO 65 mm"},"content":{"rendered":"<p>Distribuidor para facilitar y acelerar el moldeo en moldes individuales. 8 x 6 orificios en l\u00ednea (48). Para moldes M\u00e2con (Ref. 058BAA), o todos los dem\u00e1s moldes de di\u00e1metro exterior de 70 mm y di\u00e1metro interior de 65 mm. Dimensiones 630 mm x 510 mm x Borde 50 mm. Peso 4,5 kg.<\/p>\n","protected":false},"excerpt":{"rendered":"<p>42491<\/p>\n","protected":false},"featured_media":24953,"comment_status":"closed","ping_status":"closed","template":"","meta":{"_acf_changed":false},"product_brand":[],"product_cat":[1541],"product_tag":[],"class_list":{"0":"post-42491","1":"product","2":"type-product","3":"status-publish","4":"has-post-thumbnail","6":"product_cat-repartidores-de-inoxidable","8":"first","9":"onbackorder","10":"taxable","11":"shipping-taxable","12":"purchasable","13":"product-type-simple"},"acf":[],"_links":{"self":[{"href":"https:\/\/www.coquard.fr\/es\/wp-json\/wp\/v2\/product\/42491","targetHints":{"allow":["GET"]}}],"collection":[{"href":"https:\/\/www.coquard.fr\/es\/wp-json\/wp\/v2\/product"}],"about":[{"href":"https:\/\/www.coquard.fr\/es\/wp-json\/wp\/v2\/types\/product"}],"replies":[{"embeddable":true,"href":"https:\/\/www.coquard.fr\/es\/wp-json\/wp\/v2\/comments?post=42491"}],"wp:featuredmedia":[{"embeddable":true,"href":"https:\/\/www.coquard.fr\/es\/wp-json\/wp\/v2\/media\/24953"}],"wp:attachment":[{"href":"https:\/\/www.coquard.fr\/es\/wp-json\/wp\/v2\/media?parent=42491"}],"wp:term":[{"taxonomy":"product_brand","embeddable":true,"href":"https:\/\/www.coquard.fr\/es\/wp-json\/wp\/v2\/product_brand?post=42491"},{"taxonomy":"product_cat","embeddable":true,"href":"https:\/\/www.coquard.fr\/es\/wp-json\/wp\/v2\/product_cat?post=42491"},{"taxonomy":"product_tag","embeddable":true,"href":"https:\/\/www.coquard.fr\/es\/wp-json\/wp\/v2\/product_tag?post=42491"}],"curies":[{"name":"wp","href":"https:\/\/api.w.org\/{rel}","templated":true}]}}