{"id":42364,"date":"2022-01-07T22:04:56","date_gmt":"2022-01-07T21:04:56","guid":{"rendered":"https:\/\/www.coquard.fr\/produit\/balance-de-production-inox-30-kg-maxi"},"modified":"2026-02-11T20:20:23","modified_gmt":"2026-02-11T19:20:23","slug":"balance-de-production-inox-30-kg-maxi","status":"publish","type":"product","link":"https:\/\/www.coquard.fr\/es\/produit\/balance-de-production-inox-30-kg-maxi","title":{"rendered":"BALANZA DE PRODUCCI\u00d3N DE ACERO INOXIDABLE 30 KG MAXI"},"content":{"rendered":"<p>Balanza que permite pesar hasta 30 kg m\u00e1ximo. Dimensi\u00f3n plato: 300 x 24 mm. Precisi\u00f3n de lectura: 10 g. Alimentaci\u00f3n de red.Sin homologaci\u00f3n.<\/p>\n","protected":false},"excerpt":{"rendered":"<p>42364<\/p>\n","protected":false},"featured_media":35850,"comment_status":"closed","ping_status":"closed","template":"","meta":{"_acf_changed":false},"product_brand":[],"product_cat":[1484],"product_tag":[],"class_list":{"0":"post-42364","1":"product","2":"type-product","3":"status-publish","4":"has-post-thumbnail","6":"product_cat-material-de-pesaje","8":"first","9":"onbackorder","10":"taxable","11":"shipping-taxable","12":"purchasable","13":"product-type-simple"},"acf":[],"_links":{"self":[{"href":"https:\/\/www.coquard.fr\/es\/wp-json\/wp\/v2\/product\/42364","targetHints":{"allow":["GET"]}}],"collection":[{"href":"https:\/\/www.coquard.fr\/es\/wp-json\/wp\/v2\/product"}],"about":[{"href":"https:\/\/www.coquard.fr\/es\/wp-json\/wp\/v2\/types\/product"}],"replies":[{"embeddable":true,"href":"https:\/\/www.coquard.fr\/es\/wp-json\/wp\/v2\/comments?post=42364"}],"wp:featuredmedia":[{"embeddable":true,"href":"https:\/\/www.coquard.fr\/es\/wp-json\/wp\/v2\/media\/35850"}],"wp:attachment":[{"href":"https:\/\/www.coquard.fr\/es\/wp-json\/wp\/v2\/media?parent=42364"}],"wp:term":[{"taxonomy":"product_brand","embeddable":true,"href":"https:\/\/www.coquard.fr\/es\/wp-json\/wp\/v2\/product_brand?post=42364"},{"taxonomy":"product_cat","embeddable":true,"href":"https:\/\/www.coquard.fr\/es\/wp-json\/wp\/v2\/product_cat?post=42364"},{"taxonomy":"product_tag","embeddable":true,"href":"https:\/\/www.coquard.fr\/es\/wp-json\/wp\/v2\/product_tag?post=42364"}],"curies":[{"name":"wp","href":"https:\/\/api.w.org\/{rel}","templated":true}]}}