{"id":42359,"date":"2022-01-07T22:05:07","date_gmt":"2022-01-07T21:05:07","guid":{"rendered":"https:\/\/www.coquard.fr\/produit\/balance-de-laboratoire-2000-gr"},"modified":"2026-01-08T15:35:13","modified_gmt":"2026-01-08T14:35:13","slug":"balance-de-laboratoire-2000-gr","status":"publish","type":"product","link":"https:\/\/www.coquard.fr\/es\/produit\/balance-de-laboratoire-2000-gr","title":{"rendered":"BALANZA DE LABORATORIO 2000 g"},"content":{"rendered":"<p>Balanza de laboratorio: precisi\u00f3n 0,1 g, alcance m\u00e1ximo 2000 g. Pantalla LCD. Funci\u00f3n con corriente o a pila. Peso: 1 kg. Dimensiones: 165 mm x 230 mm x 80 mm.<\/p>\n","protected":false},"excerpt":{"rendered":"<p>42359<\/p>\n","protected":false},"featured_media":51919,"comment_status":"closed","ping_status":"closed","template":"","meta":{"_acf_changed":false},"product_brand":[],"product_cat":[1484],"product_tag":[],"class_list":{"0":"post-42359","1":"product","2":"type-product","3":"status-publish","4":"has-post-thumbnail","6":"product_cat-material-de-pesaje","8":"first","9":"instock","10":"taxable","11":"shipping-taxable","12":"purchasable","13":"product-type-simple"},"acf":[],"_links":{"self":[{"href":"https:\/\/www.coquard.fr\/es\/wp-json\/wp\/v2\/product\/42359","targetHints":{"allow":["GET"]}}],"collection":[{"href":"https:\/\/www.coquard.fr\/es\/wp-json\/wp\/v2\/product"}],"about":[{"href":"https:\/\/www.coquard.fr\/es\/wp-json\/wp\/v2\/types\/product"}],"replies":[{"embeddable":true,"href":"https:\/\/www.coquard.fr\/es\/wp-json\/wp\/v2\/comments?post=42359"}],"wp:featuredmedia":[{"embeddable":true,"href":"https:\/\/www.coquard.fr\/es\/wp-json\/wp\/v2\/media\/51919"}],"wp:attachment":[{"href":"https:\/\/www.coquard.fr\/es\/wp-json\/wp\/v2\/media?parent=42359"}],"wp:term":[{"taxonomy":"product_brand","embeddable":true,"href":"https:\/\/www.coquard.fr\/es\/wp-json\/wp\/v2\/product_brand?post=42359"},{"taxonomy":"product_cat","embeddable":true,"href":"https:\/\/www.coquard.fr\/es\/wp-json\/wp\/v2\/product_cat?post=42359"},{"taxonomy":"product_tag","embeddable":true,"href":"https:\/\/www.coquard.fr\/es\/wp-json\/wp\/v2\/product_tag?post=42359"}],"curies":[{"name":"wp","href":"https:\/\/api.w.org\/{rel}","templated":true}]}}