{"id":42261,"date":"2022-01-10T22:07:45","date_gmt":"2022-01-10T21:07:45","guid":{"rendered":"https:\/\/www.coquard.fr\/produit\/caisse-isotherme-gelbac-50-l"},"modified":"2026-01-08T15:39:15","modified_gmt":"2026-01-08T14:39:15","slug":"caisse-isotherme-gelbac-50-l","status":"publish","type":"product","link":"https:\/\/www.coquard.fr\/es\/produit\/caisse-isotherme-gelbac-50-l","title":{"rendered":"CAJA ISOT\u00c9RMICA GELBAC 50 L"},"content":{"rendered":"<p>Caja isot\u00e9rmica capaz de recibir 3 cajetillas 180BDA o 2 cajetillas 180BDA y una placa eut\u00e9ctica 180BFA. Apertura por encima, dimensiones: 502 mm x 302 mm x 322 mm. \ufeffAzul.<\/p>\n","protected":false},"excerpt":{"rendered":"<p>42261<\/p>\n","protected":false},"featured_media":25706,"comment_status":"closed","ping_status":"closed","template":"","meta":{"_acf_changed":false},"product_brand":[],"product_cat":[],"product_tag":[],"class_list":{"0":"post-42261","1":"product","2":"type-product","3":"status-publish","4":"has-post-thumbnail","7":"first","8":"instock","9":"taxable","10":"shipping-taxable","11":"purchasable","12":"product-type-simple"},"acf":[],"_links":{"self":[{"href":"https:\/\/www.coquard.fr\/es\/wp-json\/wp\/v2\/product\/42261","targetHints":{"allow":["GET"]}}],"collection":[{"href":"https:\/\/www.coquard.fr\/es\/wp-json\/wp\/v2\/product"}],"about":[{"href":"https:\/\/www.coquard.fr\/es\/wp-json\/wp\/v2\/types\/product"}],"replies":[{"embeddable":true,"href":"https:\/\/www.coquard.fr\/es\/wp-json\/wp\/v2\/comments?post=42261"}],"wp:featuredmedia":[{"embeddable":true,"href":"https:\/\/www.coquard.fr\/es\/wp-json\/wp\/v2\/media\/25706"}],"wp:attachment":[{"href":"https:\/\/www.coquard.fr\/es\/wp-json\/wp\/v2\/media?parent=42261"}],"wp:term":[{"taxonomy":"product_brand","embeddable":true,"href":"https:\/\/www.coquard.fr\/es\/wp-json\/wp\/v2\/product_brand?post=42261"},{"taxonomy":"product_cat","embeddable":true,"href":"https:\/\/www.coquard.fr\/es\/wp-json\/wp\/v2\/product_cat?post=42261"},{"taxonomy":"product_tag","embeddable":true,"href":"https:\/\/www.coquard.fr\/es\/wp-json\/wp\/v2\/product_tag?post=42261"}],"curies":[{"name":"wp","href":"https:\/\/api.w.org\/{rel}","templated":true}]}}