{"id":42255,"date":"2020-07-17T11:19:18","date_gmt":"2020-07-17T09:19:18","guid":{"rendered":"https:\/\/www.coquard.fr\/produit\/conteneur-isotherme-19l"},"modified":"2026-03-13T20:20:58","modified_gmt":"2026-03-13T19:20:58","slug":"conteneur-isotherme-19l","status":"publish","type":"product","link":"https:\/\/www.coquard.fr\/es\/produit\/conteneur-isotherme-19l","title":{"rendered":"CONTENEDOR ISOT\u00c9RMICO PARA L\u00cdQUIDO 19 L"},"content":{"rendered":"<p>Contenedor para l\u00edquidos, capacidad 19 litros. Con grifo. Apertura superior con bisagras y ganchos de acero inoxidable. Apto para contacto con alimentos. F\u00e1cil limpieza gracias a su junta m\u00f3vil. Dimensiones exteriores: 295 mm x 465 mm x 460 mm.<\/p>\n","protected":false},"excerpt":{"rendered":"<p>42255<\/p>\n","protected":false},"featured_media":36205,"comment_status":"closed","ping_status":"closed","template":"","meta":{"_acf_changed":false},"product_brand":[],"product_cat":[],"product_tag":[],"class_list":{"0":"post-42255","1":"product","2":"type-product","3":"status-publish","4":"has-post-thumbnail","7":"first","8":"instock","9":"taxable","10":"shipping-taxable","11":"purchasable","12":"product-type-simple"},"acf":[],"_links":{"self":[{"href":"https:\/\/www.coquard.fr\/es\/wp-json\/wp\/v2\/product\/42255","targetHints":{"allow":["GET"]}}],"collection":[{"href":"https:\/\/www.coquard.fr\/es\/wp-json\/wp\/v2\/product"}],"about":[{"href":"https:\/\/www.coquard.fr\/es\/wp-json\/wp\/v2\/types\/product"}],"replies":[{"embeddable":true,"href":"https:\/\/www.coquard.fr\/es\/wp-json\/wp\/v2\/comments?post=42255"}],"wp:featuredmedia":[{"embeddable":true,"href":"https:\/\/www.coquard.fr\/es\/wp-json\/wp\/v2\/media\/36205"}],"wp:attachment":[{"href":"https:\/\/www.coquard.fr\/es\/wp-json\/wp\/v2\/media?parent=42255"}],"wp:term":[{"taxonomy":"product_brand","embeddable":true,"href":"https:\/\/www.coquard.fr\/es\/wp-json\/wp\/v2\/product_brand?post=42255"},{"taxonomy":"product_cat","embeddable":true,"href":"https:\/\/www.coquard.fr\/es\/wp-json\/wp\/v2\/product_cat?post=42255"},{"taxonomy":"product_tag","embeddable":true,"href":"https:\/\/www.coquard.fr\/es\/wp-json\/wp\/v2\/product_tag?post=42255"}],"curies":[{"name":"wp","href":"https:\/\/api.w.org\/{rel}","templated":true}]}}