{"id":42253,"date":"2022-01-10T22:07:58","date_gmt":"2022-01-10T21:07:58","guid":{"rendered":"https:\/\/www.coquard.fr\/produit\/conteneur-isotherme-pour-liquide-25-l"},"modified":"2026-04-27T21:44:34","modified_gmt":"2026-04-27T19:44:34","slug":"conteneur-isotherme-pour-liquide-25-l","status":"publish","type":"product","link":"https:\/\/www.coquard.fr\/es\/produit\/conteneur-isotherme-pour-liquide-25-l","title":{"rendered":"CONTENEDOR ISOT\u00c9RMICO PARA L\u00cdQUIDO 25 L"},"content":{"rendered":"<p>Contenedor para l\u00edquidos, capacidad 25 litros. Con grifo. Apertura superior con bisagras y ganchos de acero inoxidable. Apto para contacto con alimentos. F\u00e1cil limpieza gracias a su junta m\u00f3vil. Dimensiones exteriores: 310 mm x 455 mm x 588mm.<\/p>\n","protected":false},"excerpt":{"rendered":"<p>42253<\/p>\n","protected":false},"featured_media":73960,"comment_status":"closed","ping_status":"closed","template":"","meta":{"_acf_changed":false},"product_brand":[],"product_cat":[1638],"product_tag":[],"class_list":{"0":"post-42253","1":"product","2":"type-product","3":"status-publish","4":"has-post-thumbnail","6":"product_cat-destockage-es","8":"first","9":"instock","10":"sale","11":"taxable","12":"shipping-taxable","13":"purchasable","14":"product-type-simple"},"acf":[],"_links":{"self":[{"href":"https:\/\/www.coquard.fr\/es\/wp-json\/wp\/v2\/product\/42253","targetHints":{"allow":["GET"]}}],"collection":[{"href":"https:\/\/www.coquard.fr\/es\/wp-json\/wp\/v2\/product"}],"about":[{"href":"https:\/\/www.coquard.fr\/es\/wp-json\/wp\/v2\/types\/product"}],"replies":[{"embeddable":true,"href":"https:\/\/www.coquard.fr\/es\/wp-json\/wp\/v2\/comments?post=42253"}],"wp:featuredmedia":[{"embeddable":true,"href":"https:\/\/www.coquard.fr\/es\/wp-json\/wp\/v2\/media\/73960"}],"wp:attachment":[{"href":"https:\/\/www.coquard.fr\/es\/wp-json\/wp\/v2\/media?parent=42253"}],"wp:term":[{"taxonomy":"product_brand","embeddable":true,"href":"https:\/\/www.coquard.fr\/es\/wp-json\/wp\/v2\/product_brand?post=42253"},{"taxonomy":"product_cat","embeddable":true,"href":"https:\/\/www.coquard.fr\/es\/wp-json\/wp\/v2\/product_cat?post=42253"},{"taxonomy":"product_tag","embeddable":true,"href":"https:\/\/www.coquard.fr\/es\/wp-json\/wp\/v2\/product_tag?post=42253"}],"curies":[{"name":"wp","href":"https:\/\/api.w.org\/{rel}","templated":true}]}}