{"id":42067,"date":"2022-02-04T22:04:43","date_gmt":"2022-02-04T21:04:43","guid":{"rendered":"https:\/\/www.coquard.fr\/produit\/sabots-leger-ouvert-a-larriere-p-45"},"modified":"2026-01-08T15:42:31","modified_gmt":"2026-01-08T14:42:31","slug":"sabots-leger-ouvert-a-larriere-p-45","status":"publish","type":"product","link":"https:\/\/www.coquard.fr\/es\/produit\/sabots-leger-ouvert-a-larriere-p-45","title":{"rendered":"ZUECOS LIGEROS ABIERTOS POR DETR\u00c1S T.45"},"content":{"rendered":"<p>Par de zuecos flexibles y ligeros, abiertos por detr\u00e1s. En etileno, vinilo y acetato. Suela con relieve antideslizante. Calado por encima y a los lados. Blanco. N\u00famero 45.<\/p>\n","protected":false},"excerpt":{"rendered":"<p>42067<\/p>\n","protected":false},"featured_media":42065,"comment_status":"closed","ping_status":"closed","template":"","meta":{"_acf_changed":false},"product_brand":[],"product_cat":[1583],"product_tag":[],"class_list":{"0":"post-42067","1":"product","2":"type-product","3":"status-publish","4":"has-post-thumbnail","6":"product_cat-ezapatos-de-trabajo","8":"first","9":"instock","10":"taxable","11":"shipping-taxable","12":"purchasable","13":"product-type-simple"},"acf":[],"_links":{"self":[{"href":"https:\/\/www.coquard.fr\/es\/wp-json\/wp\/v2\/product\/42067","targetHints":{"allow":["GET"]}}],"collection":[{"href":"https:\/\/www.coquard.fr\/es\/wp-json\/wp\/v2\/product"}],"about":[{"href":"https:\/\/www.coquard.fr\/es\/wp-json\/wp\/v2\/types\/product"}],"replies":[{"embeddable":true,"href":"https:\/\/www.coquard.fr\/es\/wp-json\/wp\/v2\/comments?post=42067"}],"wp:featuredmedia":[{"embeddable":true,"href":"https:\/\/www.coquard.fr\/es\/wp-json\/wp\/v2\/media\/42065"}],"wp:attachment":[{"href":"https:\/\/www.coquard.fr\/es\/wp-json\/wp\/v2\/media?parent=42067"}],"wp:term":[{"taxonomy":"product_brand","embeddable":true,"href":"https:\/\/www.coquard.fr\/es\/wp-json\/wp\/v2\/product_brand?post=42067"},{"taxonomy":"product_cat","embeddable":true,"href":"https:\/\/www.coquard.fr\/es\/wp-json\/wp\/v2\/product_cat?post=42067"},{"taxonomy":"product_tag","embeddable":true,"href":"https:\/\/www.coquard.fr\/es\/wp-json\/wp\/v2\/product_tag?post=42067"}],"curies":[{"name":"wp","href":"https:\/\/api.w.org\/{rel}","templated":true}]}}