{"id":42031,"date":"2021-09-15T23:07:23","date_gmt":"2021-09-15T21:07:23","guid":{"rendered":"https:\/\/www.coquard.fr\/produit\/blouse-blanche-t-40-42-taille-1"},"modified":"2026-01-08T15:45:47","modified_gmt":"2026-01-08T14:45:47","slug":"blouse-blanche-t-40-42-taille-1","status":"publish","type":"product","link":"https:\/\/www.coquard.fr\/es\/produit\/blouse-blanche-t-40-42-taille-1","title":{"rendered":"BLUSA BLANCA T.40\/42 TALLA 1"},"content":{"rendered":"<p>Blusa blanca de poli\u00e9ster (67%) y algod\u00f3n (33%). Botones de pl\u00e1stico. Talla 40\/ 42 o 1.<\/p>\n","protected":false},"excerpt":{"rendered":"<p>42031<\/p>\n","protected":false},"featured_media":42622,"comment_status":"closed","ping_status":"closed","template":"","meta":{"_acf_changed":false},"product_brand":[],"product_cat":[1590],"product_tag":[],"class_list":{"0":"post-42031","1":"product","2":"type-product","3":"status-publish","4":"has-post-thumbnail","6":"product_cat-ropas-de-trabajo","8":"first","9":"instock","10":"taxable","11":"shipping-taxable","12":"purchasable","13":"product-type-simple"},"acf":[],"_links":{"self":[{"href":"https:\/\/www.coquard.fr\/es\/wp-json\/wp\/v2\/product\/42031","targetHints":{"allow":["GET"]}}],"collection":[{"href":"https:\/\/www.coquard.fr\/es\/wp-json\/wp\/v2\/product"}],"about":[{"href":"https:\/\/www.coquard.fr\/es\/wp-json\/wp\/v2\/types\/product"}],"replies":[{"embeddable":true,"href":"https:\/\/www.coquard.fr\/es\/wp-json\/wp\/v2\/comments?post=42031"}],"wp:featuredmedia":[{"embeddable":true,"href":"https:\/\/www.coquard.fr\/es\/wp-json\/wp\/v2\/media\/42622"}],"wp:attachment":[{"href":"https:\/\/www.coquard.fr\/es\/wp-json\/wp\/v2\/media?parent=42031"}],"wp:term":[{"taxonomy":"product_brand","embeddable":true,"href":"https:\/\/www.coquard.fr\/es\/wp-json\/wp\/v2\/product_brand?post=42031"},{"taxonomy":"product_cat","embeddable":true,"href":"https:\/\/www.coquard.fr\/es\/wp-json\/wp\/v2\/product_cat?post=42031"},{"taxonomy":"product_tag","embeddable":true,"href":"https:\/\/www.coquard.fr\/es\/wp-json\/wp\/v2\/product_tag?post=42031"}],"curies":[{"name":"wp","href":"https:\/\/api.w.org\/{rel}","templated":true}]}}