{"id":41989,"date":"2021-05-26T18:54:01","date_gmt":"2021-05-26T16:54:01","guid":{"rendered":"https:\/\/www.coquard.fr\/produit\/lampe-uvc-pour-traitement-320aab"},"modified":"2026-01-08T15:49:47","modified_gmt":"2026-01-08T14:49:47","slug":"lampe-uvc-pour-traitement-320aab","status":"publish","type":"product","link":"https:\/\/www.coquard.fr\/es\/produit\/lampe-uvc-pour-traitement-320aab","title":{"rendered":"L\u00c1MPARA UVC PARA DESINFECCI\u00d3N 320AAB"},"content":{"rendered":"<p>L\u00e1mpara de recambio para desinfecci\u00f3n UVC 320AAB. 56 vatios.<\/p>\n","protected":false},"excerpt":{"rendered":"<p>41989<\/p>\n","protected":false},"featured_media":41822,"comment_status":"closed","ping_status":"closed","template":"","meta":{"_acf_changed":false},"product_brand":[],"product_cat":[1598],"product_tag":[],"class_list":{"0":"post-41989","1":"product","2":"type-product","3":"status-publish","4":"has-post-thumbnail","6":"product_cat-tratamiento-de-agua-es","8":"first","9":"instock","10":"taxable","11":"shipping-taxable","12":"purchasable","13":"product-type-simple"},"acf":[],"_links":{"self":[{"href":"https:\/\/www.coquard.fr\/es\/wp-json\/wp\/v2\/product\/41989","targetHints":{"allow":["GET"]}}],"collection":[{"href":"https:\/\/www.coquard.fr\/es\/wp-json\/wp\/v2\/product"}],"about":[{"href":"https:\/\/www.coquard.fr\/es\/wp-json\/wp\/v2\/types\/product"}],"replies":[{"embeddable":true,"href":"https:\/\/www.coquard.fr\/es\/wp-json\/wp\/v2\/comments?post=41989"}],"wp:featuredmedia":[{"embeddable":true,"href":"https:\/\/www.coquard.fr\/es\/wp-json\/wp\/v2\/media\/41822"}],"wp:attachment":[{"href":"https:\/\/www.coquard.fr\/es\/wp-json\/wp\/v2\/media?parent=41989"}],"wp:term":[{"taxonomy":"product_brand","embeddable":true,"href":"https:\/\/www.coquard.fr\/es\/wp-json\/wp\/v2\/product_brand?post=41989"},{"taxonomy":"product_cat","embeddable":true,"href":"https:\/\/www.coquard.fr\/es\/wp-json\/wp\/v2\/product_cat?post=41989"},{"taxonomy":"product_tag","embeddable":true,"href":"https:\/\/www.coquard.fr\/es\/wp-json\/wp\/v2\/product_tag?post=41989"}],"curies":[{"name":"wp","href":"https:\/\/api.w.org\/{rel}","templated":true}]}}