{"id":40848,"date":"2021-06-28T16:17:48","date_gmt":"2021-06-28T14:17:48","guid":{"rendered":"https:\/\/www.coquard.fr\/produit\/opercule-alu-brebis-diametre-68mm"},"modified":"2026-01-08T16:05:05","modified_gmt":"2026-01-08T15:05:05","slug":"opercule-alu-brebis-diametre-68mm","status":"publish","type":"product","link":"https:\/\/www.coquard.fr\/es\/produit\/opercule-alu-brebis-diametre-68mm","title":{"rendered":"OPERCULE ALU BREBIS diam\u00e8tre 68mm"},"content":{"rendered":"<p>Opercule imprim\u00e9e en aluminium avec un d\u00e9cor t\u00eate de brebis pour yaourt au lait de brebis, pour pot plastique en polystyr\u00e8ne et en polypropyl\u00e8ne. Dimension : 68 mm. Blister de 2000. Prix pour 1000 opercules.<\/p>\n","protected":false},"excerpt":{"rendered":"<p>40848<\/p>\n","protected":false},"featured_media":41687,"comment_status":"closed","ping_status":"closed","template":"","meta":{"_acf_changed":false},"product_brand":[],"product_cat":[1577],"product_tag":[],"class_list":{"0":"post-40848","1":"product","2":"type-product","3":"status-publish","4":"has-post-thumbnail","6":"product_cat-operculos","8":"first","9":"instock","10":"taxable","11":"shipping-taxable","12":"purchasable","13":"product-type-simple"},"acf":[],"_links":{"self":[{"href":"https:\/\/www.coquard.fr\/es\/wp-json\/wp\/v2\/product\/40848","targetHints":{"allow":["GET"]}}],"collection":[{"href":"https:\/\/www.coquard.fr\/es\/wp-json\/wp\/v2\/product"}],"about":[{"href":"https:\/\/www.coquard.fr\/es\/wp-json\/wp\/v2\/types\/product"}],"replies":[{"embeddable":true,"href":"https:\/\/www.coquard.fr\/es\/wp-json\/wp\/v2\/comments?post=40848"}],"wp:featuredmedia":[{"embeddable":true,"href":"https:\/\/www.coquard.fr\/es\/wp-json\/wp\/v2\/media\/41687"}],"wp:attachment":[{"href":"https:\/\/www.coquard.fr\/es\/wp-json\/wp\/v2\/media?parent=40848"}],"wp:term":[{"taxonomy":"product_brand","embeddable":true,"href":"https:\/\/www.coquard.fr\/es\/wp-json\/wp\/v2\/product_brand?post=40848"},{"taxonomy":"product_cat","embeddable":true,"href":"https:\/\/www.coquard.fr\/es\/wp-json\/wp\/v2\/product_cat?post=40848"},{"taxonomy":"product_tag","embeddable":true,"href":"https:\/\/www.coquard.fr\/es\/wp-json\/wp\/v2\/product_tag?post=40848"}],"curies":[{"name":"wp","href":"https:\/\/api.w.org\/{rel}","templated":true}]}}