{"id":39966,"date":"2022-02-01T22:03:52","date_gmt":"2022-02-01T21:03:52","guid":{"rendered":"https:\/\/www.coquard.fr\/produit\/vanne-papillon-sms-38"},"modified":"2026-02-11T20:15:28","modified_gmt":"2026-02-11T19:15:28","slug":"vanne-papillon-sms-38","status":"publish","type":"product","link":"https:\/\/www.coquard.fr\/es\/produit\/vanne-papillon-sms-38","title":{"rendered":"V\u00c1LVULA DE MARIPOSA SMS 38"},"content":{"rendered":"<p>V\u00e1lvula de mariposa de acero inoxidable. SMS 38 macho- v\u00e1lvula 38\u2013 SMS 38 hembra.<\/p>\n","protected":false},"excerpt":{"rendered":"<p>39966<\/p>\n","protected":false},"featured_media":23750,"comment_status":"closed","ping_status":"closed","template":"","meta":{"_acf_changed":false},"product_brand":[],"product_cat":[1516],"product_tag":[],"class_list":{"0":"post-39966","1":"product","2":"type-product","3":"status-publish","4":"has-post-thumbnail","6":"product_cat-bombas-conexiones-y-mangueras","8":"first","9":"instock","10":"taxable","11":"shipping-taxable","12":"purchasable","13":"product-type-simple"},"acf":[],"_links":{"self":[{"href":"https:\/\/www.coquard.fr\/es\/wp-json\/wp\/v2\/product\/39966","targetHints":{"allow":["GET"]}}],"collection":[{"href":"https:\/\/www.coquard.fr\/es\/wp-json\/wp\/v2\/product"}],"about":[{"href":"https:\/\/www.coquard.fr\/es\/wp-json\/wp\/v2\/types\/product"}],"replies":[{"embeddable":true,"href":"https:\/\/www.coquard.fr\/es\/wp-json\/wp\/v2\/comments?post=39966"}],"wp:featuredmedia":[{"embeddable":true,"href":"https:\/\/www.coquard.fr\/es\/wp-json\/wp\/v2\/media\/23750"}],"wp:attachment":[{"href":"https:\/\/www.coquard.fr\/es\/wp-json\/wp\/v2\/media?parent=39966"}],"wp:term":[{"taxonomy":"product_brand","embeddable":true,"href":"https:\/\/www.coquard.fr\/es\/wp-json\/wp\/v2\/product_brand?post=39966"},{"taxonomy":"product_cat","embeddable":true,"href":"https:\/\/www.coquard.fr\/es\/wp-json\/wp\/v2\/product_cat?post=39966"},{"taxonomy":"product_tag","embeddable":true,"href":"https:\/\/www.coquard.fr\/es\/wp-json\/wp\/v2\/product_tag?post=39966"}],"curies":[{"name":"wp","href":"https:\/\/api.w.org\/{rel}","templated":true}]}}