{"id":39962,"date":"2022-02-01T22:03:18","date_gmt":"2022-02-01T21:03:18","guid":{"rendered":"https:\/\/www.coquard.fr\/produit\/chlorhydrate-de-lysozyme-liquide-10"},"modified":"2026-04-25T00:04:48","modified_gmt":"2026-04-24T22:04:48","slug":"chlorhydrate-de-lysozyme-liquide-10","status":"publish","type":"product","link":"https:\/\/www.coquard.fr\/es\/produit\/chlorhydrate-de-lysozyme-liquide-10","title":{"rendered":"CLORIDRATO DE LISOZIMA LIQUIDO 10\u00a0%"},"content":{"rendered":"<p>Protecci\u00f3n l\u00edquida contra but\u00edricas, protege de las hinchazones a los quesos de pasta prensada. Concentraci\u00f3n del 10\u00a0%. Preparado no autorizado en producci\u00f3n ecol\u00f3gica. Botella de 1 litro. Precio por litro.<\/p>\n","protected":false},"excerpt":{"rendered":"<p>39962<\/p>\n","protected":false},"featured_media":12013,"comment_status":"closed","ping_status":"closed","template":"","meta":{"_acf_changed":false},"product_brand":[],"product_cat":[1556],"product_tag":[],"class_list":{"0":"post-39962","1":"product","2":"type-product","3":"status-publish","4":"has-post-thumbnail","6":"product_cat-cuajos-y-coagulantes","8":"first","9":"instock","10":"taxable","11":"shipping-taxable","12":"purchasable","13":"product-type-simple"},"acf":[],"_links":{"self":[{"href":"https:\/\/www.coquard.fr\/es\/wp-json\/wp\/v2\/product\/39962","targetHints":{"allow":["GET"]}}],"collection":[{"href":"https:\/\/www.coquard.fr\/es\/wp-json\/wp\/v2\/product"}],"about":[{"href":"https:\/\/www.coquard.fr\/es\/wp-json\/wp\/v2\/types\/product"}],"replies":[{"embeddable":true,"href":"https:\/\/www.coquard.fr\/es\/wp-json\/wp\/v2\/comments?post=39962"}],"wp:featuredmedia":[{"embeddable":true,"href":"https:\/\/www.coquard.fr\/es\/wp-json\/wp\/v2\/media\/12013"}],"wp:attachment":[{"href":"https:\/\/www.coquard.fr\/es\/wp-json\/wp\/v2\/media?parent=39962"}],"wp:term":[{"taxonomy":"product_brand","embeddable":true,"href":"https:\/\/www.coquard.fr\/es\/wp-json\/wp\/v2\/product_brand?post=39962"},{"taxonomy":"product_cat","embeddable":true,"href":"https:\/\/www.coquard.fr\/es\/wp-json\/wp\/v2\/product_cat?post=39962"},{"taxonomy":"product_tag","embeddable":true,"href":"https:\/\/www.coquard.fr\/es\/wp-json\/wp\/v2\/product_tag?post=39962"}],"curies":[{"name":"wp","href":"https:\/\/api.w.org\/{rel}","templated":true}]}}