{"id":39929,"date":"2022-02-01T22:02:10","date_gmt":"2022-02-01T21:02:10","guid":{"rendered":"https:\/\/www.coquard.fr\/produit\/sel-fin-cendre-seau-de-25-kg"},"modified":"2026-01-08T14:27:53","modified_gmt":"2026-01-08T13:27:53","slug":"sel-fin-cendre-seau-de-25-kg","status":"publish","type":"product","link":"https:\/\/www.coquard.fr\/es\/produit\/sel-fin-cendre-seau-de-25-kg","title":{"rendered":"SAL FINA CENIZADA CUBO DE 25 kg"},"content":{"rendered":"<p>Mezcla de sal fina y carb\u00f3n vegetal E153 para la elaboraci\u00f3n de quesos cubiertos de ceniza. Preparaci\u00f3n lista para usar. Si coloraci\u00f3n demasiado baja, es posible a\u00f1adir una caja de 50 g referencia 014DAA. Envasado en cubo de 25 kg. Precio por kg.<\/p>\n","protected":false},"excerpt":{"rendered":"<p>39929<\/p>\n","protected":false},"featured_media":36499,"comment_status":"closed","ping_status":"closed","template":"","meta":{"_acf_changed":false},"product_brand":[],"product_cat":[1480],"product_tag":[],"class_list":{"0":"post-39929","1":"product","2":"type-product","3":"status-publish","4":"has-post-thumbnail","6":"product_cat-sal-y-ceniza","8":"first","9":"instock","10":"taxable","11":"shipping-taxable","12":"purchasable","13":"product-type-simple"},"acf":[],"_links":{"self":[{"href":"https:\/\/www.coquard.fr\/es\/wp-json\/wp\/v2\/product\/39929","targetHints":{"allow":["GET"]}}],"collection":[{"href":"https:\/\/www.coquard.fr\/es\/wp-json\/wp\/v2\/product"}],"about":[{"href":"https:\/\/www.coquard.fr\/es\/wp-json\/wp\/v2\/types\/product"}],"replies":[{"embeddable":true,"href":"https:\/\/www.coquard.fr\/es\/wp-json\/wp\/v2\/comments?post=39929"}],"wp:featuredmedia":[{"embeddable":true,"href":"https:\/\/www.coquard.fr\/es\/wp-json\/wp\/v2\/media\/36499"}],"wp:attachment":[{"href":"https:\/\/www.coquard.fr\/es\/wp-json\/wp\/v2\/media?parent=39929"}],"wp:term":[{"taxonomy":"product_brand","embeddable":true,"href":"https:\/\/www.coquard.fr\/es\/wp-json\/wp\/v2\/product_brand?post=39929"},{"taxonomy":"product_cat","embeddable":true,"href":"https:\/\/www.coquard.fr\/es\/wp-json\/wp\/v2\/product_cat?post=39929"},{"taxonomy":"product_tag","embeddable":true,"href":"https:\/\/www.coquard.fr\/es\/wp-json\/wp\/v2\/product_tag?post=39929"}],"curies":[{"name":"wp","href":"https:\/\/api.w.org\/{rel}","templated":true}]}}