{"id":39920,"date":"2022-02-01T22:02:01","date_gmt":"2022-02-01T21:02:01","guid":{"rendered":"https:\/\/www.coquard.fr\/produit\/cendre-vegetale-boite-de-50-g"},"modified":"2026-04-24T23:14:54","modified_gmt":"2026-04-24T21:14:54","slug":"cendre-vegetale-boite-de-50-g","status":"publish","type":"product","link":"https:\/\/www.coquard.fr\/es\/produit\/cendre-vegetale-boite-de-50-g","title":{"rendered":"CENIZA VEGETAL CAJA DE 50 g"},"content":{"rendered":"<p>Ceniza en polvo para preparaci\u00f3n de sal con ceniza para quesos de tipo B\u00fbches, Pyramides. Para obtener una coloraci\u00f3n clara: 1 caja para 20 kg de sal fina; para una coloraci\u00f3n m\u00e1s intensa: 3 cajas para 20 kg de sal fina. Colorante de carb\u00f3n vegetal alimentario natural E153. Envasado en bolsita de 50 g en un tarro protector. Precio por caja de 50 g.<\/p>\n","protected":false},"excerpt":{"rendered":"<p>39920<\/p>\n","protected":false},"featured_media":36808,"comment_status":"closed","ping_status":"closed","template":"","meta":{"_acf_changed":false},"product_brand":[],"product_cat":[1480],"product_tag":[],"class_list":{"0":"post-39920","1":"product","2":"type-product","3":"status-publish","4":"has-post-thumbnail","6":"product_cat-sal-y-ceniza","8":"first","9":"instock","10":"taxable","11":"shipping-taxable","12":"purchasable","13":"product-type-simple"},"acf":[],"_links":{"self":[{"href":"https:\/\/www.coquard.fr\/es\/wp-json\/wp\/v2\/product\/39920","targetHints":{"allow":["GET"]}}],"collection":[{"href":"https:\/\/www.coquard.fr\/es\/wp-json\/wp\/v2\/product"}],"about":[{"href":"https:\/\/www.coquard.fr\/es\/wp-json\/wp\/v2\/types\/product"}],"replies":[{"embeddable":true,"href":"https:\/\/www.coquard.fr\/es\/wp-json\/wp\/v2\/comments?post=39920"}],"wp:featuredmedia":[{"embeddable":true,"href":"https:\/\/www.coquard.fr\/es\/wp-json\/wp\/v2\/media\/36808"}],"wp:attachment":[{"href":"https:\/\/www.coquard.fr\/es\/wp-json\/wp\/v2\/media?parent=39920"}],"wp:term":[{"taxonomy":"product_brand","embeddable":true,"href":"https:\/\/www.coquard.fr\/es\/wp-json\/wp\/v2\/product_brand?post=39920"},{"taxonomy":"product_cat","embeddable":true,"href":"https:\/\/www.coquard.fr\/es\/wp-json\/wp\/v2\/product_cat?post=39920"},{"taxonomy":"product_tag","embeddable":true,"href":"https:\/\/www.coquard.fr\/es\/wp-json\/wp\/v2\/product_tag?post=39920"}],"curies":[{"name":"wp","href":"https:\/\/api.w.org\/{rel}","templated":true}]}}