{"id":39896,"date":"2022-02-01T22:00:46","date_gmt":"2022-02-01T21:00:46","guid":{"rendered":"https:\/\/www.coquard.fr\/produit\/iota-raclette-1-dl3-5"},"modified":"2026-04-28T23:29:58","modified_gmt":"2026-04-28T21:29:58","slug":"iota-raclette-1-dl3-5","status":"publish","type":"product","link":"https:\/\/www.coquard.fr\/es\/produit\/iota-raclette-1-dl3-5","title":{"rendered":"IOTA RACLETTE 1 DL3.5"},"content":{"rendered":"<p>Fermentos l\u00e1cticos liofilizados mes\u00f3filos y term\u00f3filos para los quesos de pasta prensada Raclette. Composici\u00f3n: Streptococcus thermophilus, Lactobacillus bulgaricus y helveticus, Lactococcus lactis, diacetylactis, cremoris, Leuconostoc, Staphylococcus xylosus. Fermento de siembra directa. Un tubo permite sembrar de 350 a 700 litros de leche. Tarifa para un tubo. Descuento cuantitativo por 60 o 120 tubos.<\/p>\n","protected":false},"excerpt":{"rendered":"<p>39896<\/p>\n","protected":false},"featured_media":21312,"comment_status":"closed","ping_status":"closed","template":"","meta":{"_acf_changed":false},"product_brand":[],"product_cat":[1550],"product_tag":[],"class_list":{"0":"post-39896","1":"product","2":"type-product","3":"status-publish","4":"has-post-thumbnail","6":"product_cat-fermentos-lacticos-coquard","8":"first","9":"instock","10":"taxable","11":"shipping-taxable","12":"purchasable","13":"product-type-simple"},"acf":[],"_links":{"self":[{"href":"https:\/\/www.coquard.fr\/es\/wp-json\/wp\/v2\/product\/39896","targetHints":{"allow":["GET"]}}],"collection":[{"href":"https:\/\/www.coquard.fr\/es\/wp-json\/wp\/v2\/product"}],"about":[{"href":"https:\/\/www.coquard.fr\/es\/wp-json\/wp\/v2\/types\/product"}],"replies":[{"embeddable":true,"href":"https:\/\/www.coquard.fr\/es\/wp-json\/wp\/v2\/comments?post=39896"}],"wp:featuredmedia":[{"embeddable":true,"href":"https:\/\/www.coquard.fr\/es\/wp-json\/wp\/v2\/media\/21312"}],"wp:attachment":[{"href":"https:\/\/www.coquard.fr\/es\/wp-json\/wp\/v2\/media?parent=39896"}],"wp:term":[{"taxonomy":"product_brand","embeddable":true,"href":"https:\/\/www.coquard.fr\/es\/wp-json\/wp\/v2\/product_brand?post=39896"},{"taxonomy":"product_cat","embeddable":true,"href":"https:\/\/www.coquard.fr\/es\/wp-json\/wp\/v2\/product_cat?post=39896"},{"taxonomy":"product_tag","embeddable":true,"href":"https:\/\/www.coquard.fr\/es\/wp-json\/wp\/v2\/product_tag?post=39896"}],"curies":[{"name":"wp","href":"https:\/\/api.w.org\/{rel}","templated":true}]}}