{"id":39893,"date":"2022-02-01T22:00:34","date_gmt":"2022-02-01T21:00:34","guid":{"rendered":"https:\/\/www.coquard.fr\/produit\/beaugel-11-25l-melange-pour-petits-affines"},"modified":"2026-04-14T21:10:12","modified_gmt":"2026-04-14T19:10:12","slug":"beaugel-11-25l-melange-pour-petits-affines","status":"publish","type":"product","link":"https:\/\/www.coquard.fr\/es\/produit\/beaugel-11-25l-melange-pour-petits-affines","title":{"rendered":"BEAUGEL 11 &#8211; 25 L MEZCLA PARA PEQUE\u00d1OS AFINADOS"},"content":{"rendered":"<p>Mezcla de fermentos l\u00e1cticos, cuajo y fermentos de maduraci\u00f3n para peque\u00f1as elaboraciones de quesos l\u00e1cticos afinados. Un tubo es apto para tratar 25 litros de leche. Envasado en estuches de 10 tubos. Vendido por 10. Tarifa al tubo para 25 litros de leche.<\/p>\n","protected":false},"excerpt":{"rendered":"<p>39893<\/p>\n","protected":false},"featured_media":11278,"comment_status":"closed","ping_status":"closed","template":"","meta":{"_acf_changed":false},"product_brand":[],"product_cat":[1550],"product_tag":[],"class_list":{"0":"post-39893","1":"product","2":"type-product","3":"status-publish","4":"has-post-thumbnail","6":"product_cat-fermentos-lacticos-coquard","8":"first","9":"instock","10":"taxable","11":"shipping-taxable","12":"purchasable","13":"product-type-simple"},"acf":[],"_links":{"self":[{"href":"https:\/\/www.coquard.fr\/es\/wp-json\/wp\/v2\/product\/39893","targetHints":{"allow":["GET"]}}],"collection":[{"href":"https:\/\/www.coquard.fr\/es\/wp-json\/wp\/v2\/product"}],"about":[{"href":"https:\/\/www.coquard.fr\/es\/wp-json\/wp\/v2\/types\/product"}],"replies":[{"embeddable":true,"href":"https:\/\/www.coquard.fr\/es\/wp-json\/wp\/v2\/comments?post=39893"}],"wp:featuredmedia":[{"embeddable":true,"href":"https:\/\/www.coquard.fr\/es\/wp-json\/wp\/v2\/media\/11278"}],"wp:attachment":[{"href":"https:\/\/www.coquard.fr\/es\/wp-json\/wp\/v2\/media?parent=39893"}],"wp:term":[{"taxonomy":"product_brand","embeddable":true,"href":"https:\/\/www.coquard.fr\/es\/wp-json\/wp\/v2\/product_brand?post=39893"},{"taxonomy":"product_cat","embeddable":true,"href":"https:\/\/www.coquard.fr\/es\/wp-json\/wp\/v2\/product_cat?post=39893"},{"taxonomy":"product_tag","embeddable":true,"href":"https:\/\/www.coquard.fr\/es\/wp-json\/wp\/v2\/product_tag?post=39893"}],"curies":[{"name":"wp","href":"https:\/\/api.w.org\/{rel}","templated":true}]}}