{"id":39884,"date":"2022-02-01T22:00:26","date_gmt":"2022-02-01T21:00:26","guid":{"rendered":"https:\/\/www.coquard.fr\/produit\/beaugel-8-25l-melange-pour-tommettes"},"modified":"2026-04-14T21:06:12","modified_gmt":"2026-04-14T19:06:12","slug":"beaugel-8-25l-melange-pour-tommettes","status":"publish","type":"product","link":"https:\/\/www.coquard.fr\/es\/produit\/beaugel-8-25l-melange-pour-tommettes","title":{"rendered":"BEAUGEL 8 &#8211; 25L MEZCLA PARA TOMMETTES"},"content":{"rendered":"<p>Mezcla de fermentos l\u00e1cticos, cuajo y fermentos de maduraci\u00f3n para peque\u00f1as elaboraciones de quesos de tipo Tomette, peque\u00f1o Gouda. Un tubo es apto para tratar 25 litros de leche. Envasado en estuches de 10 tubos. Vendido por 10. Tarifa al tubo para 25 litros de leche.<\/p>\n","protected":false},"excerpt":{"rendered":"<p>39884<\/p>\n","protected":false},"featured_media":11671,"comment_status":"closed","ping_status":"closed","template":"","meta":{"_acf_changed":false},"product_brand":[],"product_cat":[1550],"product_tag":[],"class_list":{"0":"post-39884","1":"product","2":"type-product","3":"status-publish","4":"has-post-thumbnail","6":"product_cat-fermentos-lacticos-coquard","8":"first","9":"instock","10":"taxable","11":"shipping-taxable","12":"purchasable","13":"product-type-simple"},"acf":[],"_links":{"self":[{"href":"https:\/\/www.coquard.fr\/es\/wp-json\/wp\/v2\/product\/39884","targetHints":{"allow":["GET"]}}],"collection":[{"href":"https:\/\/www.coquard.fr\/es\/wp-json\/wp\/v2\/product"}],"about":[{"href":"https:\/\/www.coquard.fr\/es\/wp-json\/wp\/v2\/types\/product"}],"replies":[{"embeddable":true,"href":"https:\/\/www.coquard.fr\/es\/wp-json\/wp\/v2\/comments?post=39884"}],"wp:featuredmedia":[{"embeddable":true,"href":"https:\/\/www.coquard.fr\/es\/wp-json\/wp\/v2\/media\/11671"}],"wp:attachment":[{"href":"https:\/\/www.coquard.fr\/es\/wp-json\/wp\/v2\/media?parent=39884"}],"wp:term":[{"taxonomy":"product_brand","embeddable":true,"href":"https:\/\/www.coquard.fr\/es\/wp-json\/wp\/v2\/product_brand?post=39884"},{"taxonomy":"product_cat","embeddable":true,"href":"https:\/\/www.coquard.fr\/es\/wp-json\/wp\/v2\/product_cat?post=39884"},{"taxonomy":"product_tag","embeddable":true,"href":"https:\/\/www.coquard.fr\/es\/wp-json\/wp\/v2\/product_tag?post=39884"}],"curies":[{"name":"wp","href":"https:\/\/api.w.org\/{rel}","templated":true}]}}