{"id":39754,"date":"2022-01-27T22:09:59","date_gmt":"2022-01-27T21:09:59","guid":{"rendered":"https:\/\/www.coquard.fr\/produit\/moule-brie-diam-320-mm-ht-60-mm"},"modified":"2026-01-30T13:53:02","modified_gmt":"2026-01-30T12:53:02","slug":"moule-brie-diam-320-mm-ht-60-mm","status":"publish","type":"product","link":"https:\/\/www.coquard.fr\/es\/produit\/moule-brie-diam-320-mm-ht-60-mm","title":{"rendered":"MOLDE BRIE SIN FONDO DIAM 320\/320 ALTURA 60 mm"},"content":{"rendered":"<p>Molde sin fondo de pl\u00e1stico alimentario para el moldeo de quesos de tipo Brie. Molde muy perforado. Di\u00e1metro superior 320 mm, di\u00e1metro inferior 320 mm, altura 60 mm. Se utiliza con realce Ref. 058YAC (vendido por separado).<\/p>\n","protected":false},"excerpt":{"rendered":"<p>39754<\/p>\n","protected":false},"featured_media":13555,"comment_status":"closed","ping_status":"closed","template":"","meta":{"_acf_changed":false},"product_brand":[],"product_cat":[1597],"product_tag":[],"class_list":{"0":"post-39754","1":"product","2":"type-product","3":"status-publish","4":"has-post-thumbnail","6":"product_cat-moldes-de-plastico","8":"first","9":"instock","10":"taxable","11":"shipping-taxable","12":"purchasable","13":"product-type-simple"},"acf":[],"_links":{"self":[{"href":"https:\/\/www.coquard.fr\/es\/wp-json\/wp\/v2\/product\/39754","targetHints":{"allow":["GET"]}}],"collection":[{"href":"https:\/\/www.coquard.fr\/es\/wp-json\/wp\/v2\/product"}],"about":[{"href":"https:\/\/www.coquard.fr\/es\/wp-json\/wp\/v2\/types\/product"}],"replies":[{"embeddable":true,"href":"https:\/\/www.coquard.fr\/es\/wp-json\/wp\/v2\/comments?post=39754"}],"wp:featuredmedia":[{"embeddable":true,"href":"https:\/\/www.coquard.fr\/es\/wp-json\/wp\/v2\/media\/13555"}],"wp:attachment":[{"href":"https:\/\/www.coquard.fr\/es\/wp-json\/wp\/v2\/media?parent=39754"}],"wp:term":[{"taxonomy":"product_brand","embeddable":true,"href":"https:\/\/www.coquard.fr\/es\/wp-json\/wp\/v2\/product_brand?post=39754"},{"taxonomy":"product_cat","embeddable":true,"href":"https:\/\/www.coquard.fr\/es\/wp-json\/wp\/v2\/product_cat?post=39754"},{"taxonomy":"product_tag","embeddable":true,"href":"https:\/\/www.coquard.fr\/es\/wp-json\/wp\/v2\/product_tag?post=39754"}],"curies":[{"name":"wp","href":"https:\/\/api.w.org\/{rel}","templated":true}]}}