{"id":39751,"date":"2022-01-27T22:09:56","date_gmt":"2022-01-27T21:09:56","guid":{"rendered":"https:\/\/www.coquard.fr\/produit\/moule-brie-diam-250-mm-ht-115-mm"},"modified":"2026-01-08T15:24:18","modified_gmt":"2026-01-08T14:24:18","slug":"moule-brie-diam-250-mm-ht-115-mm","status":"publish","type":"product","link":"https:\/\/www.coquard.fr\/es\/produit\/moule-brie-diam-250-mm-ht-115-mm","title":{"rendered":"MOLDE BRIE SIN FONDO DIAM 250\/250 ALTURA 115 mm"},"content":{"rendered":"<p>Molde sin fondo de pl\u00e1stico alimentario para el moldeo de quesos de tipo Brie. Molde muy perforado. Di\u00e1metro superior 250 mm, di\u00e1metro inferior 250 mm, altura 115 mm.<\/p>\n","protected":false},"excerpt":{"rendered":"<p>39751<\/p>\n","protected":false},"featured_media":13738,"comment_status":"closed","ping_status":"closed","template":"","meta":{"_acf_changed":false},"product_brand":[],"product_cat":[1597],"product_tag":[],"class_list":{"0":"post-39751","1":"product","2":"type-product","3":"status-publish","4":"has-post-thumbnail","6":"product_cat-moldes-de-plastico","8":"first","9":"instock","10":"taxable","11":"shipping-taxable","12":"purchasable","13":"product-type-simple"},"acf":[],"_links":{"self":[{"href":"https:\/\/www.coquard.fr\/es\/wp-json\/wp\/v2\/product\/39751","targetHints":{"allow":["GET"]}}],"collection":[{"href":"https:\/\/www.coquard.fr\/es\/wp-json\/wp\/v2\/product"}],"about":[{"href":"https:\/\/www.coquard.fr\/es\/wp-json\/wp\/v2\/types\/product"}],"replies":[{"embeddable":true,"href":"https:\/\/www.coquard.fr\/es\/wp-json\/wp\/v2\/comments?post=39751"}],"wp:featuredmedia":[{"embeddable":true,"href":"https:\/\/www.coquard.fr\/es\/wp-json\/wp\/v2\/media\/13738"}],"wp:attachment":[{"href":"https:\/\/www.coquard.fr\/es\/wp-json\/wp\/v2\/media?parent=39751"}],"wp:term":[{"taxonomy":"product_brand","embeddable":true,"href":"https:\/\/www.coquard.fr\/es\/wp-json\/wp\/v2\/product_brand?post=39751"},{"taxonomy":"product_cat","embeddable":true,"href":"https:\/\/www.coquard.fr\/es\/wp-json\/wp\/v2\/product_cat?post=39751"},{"taxonomy":"product_tag","embeddable":true,"href":"https:\/\/www.coquard.fr\/es\/wp-json\/wp\/v2\/product_tag?post=39751"}],"curies":[{"name":"wp","href":"https:\/\/api.w.org\/{rel}","templated":true}]}}