{"id":39730,"date":"2022-01-27T22:09:35","date_gmt":"2022-01-27T21:09:35","guid":{"rendered":"https:\/\/www.coquard.fr\/produit\/moule-tomme-de-pays-2-250-kg"},"modified":"2026-01-08T15:23:47","modified_gmt":"2026-01-08T14:23:47","slug":"moule-tomme-de-pays-2-250-kg","status":"publish","type":"product","link":"https:\/\/www.coquard.fr\/es\/produit\/moule-tomme-de-pays-2-250-kg","title":{"rendered":"MOLDE TOMME DE PAIS 2,2 kg CON TAPA DIAM 185 Al 130 mm"},"content":{"rendered":"<p>Molde de pl\u00e1stico alimentario para el moldeo de quesos de tipo Tomme tradicional. Con tapa, tal\u00f3n con \u00e1ngulo recto. Di\u00e1metro superior 185 mm, di\u00e1metro inferior 185 mm, altura 130 mm. Peso del queso aproximado, se proporciona a t\u00edtulo indicativo.<\/p>\n","protected":false},"excerpt":{"rendered":"<p>39730<\/p>\n","protected":false},"featured_media":13729,"comment_status":"closed","ping_status":"closed","template":"","meta":{"_acf_changed":false},"product_brand":[],"product_cat":[1597],"product_tag":[],"class_list":{"0":"post-39730","1":"product","2":"type-product","3":"status-publish","4":"has-post-thumbnail","6":"product_cat-moldes-de-plastico","8":"first","9":"instock","10":"taxable","11":"shipping-taxable","12":"purchasable","13":"product-type-simple"},"acf":[],"_links":{"self":[{"href":"https:\/\/www.coquard.fr\/es\/wp-json\/wp\/v2\/product\/39730","targetHints":{"allow":["GET"]}}],"collection":[{"href":"https:\/\/www.coquard.fr\/es\/wp-json\/wp\/v2\/product"}],"about":[{"href":"https:\/\/www.coquard.fr\/es\/wp-json\/wp\/v2\/types\/product"}],"replies":[{"embeddable":true,"href":"https:\/\/www.coquard.fr\/es\/wp-json\/wp\/v2\/comments?post=39730"}],"wp:featuredmedia":[{"embeddable":true,"href":"https:\/\/www.coquard.fr\/es\/wp-json\/wp\/v2\/media\/13729"}],"wp:attachment":[{"href":"https:\/\/www.coquard.fr\/es\/wp-json\/wp\/v2\/media?parent=39730"}],"wp:term":[{"taxonomy":"product_brand","embeddable":true,"href":"https:\/\/www.coquard.fr\/es\/wp-json\/wp\/v2\/product_brand?post=39730"},{"taxonomy":"product_cat","embeddable":true,"href":"https:\/\/www.coquard.fr\/es\/wp-json\/wp\/v2\/product_cat?post=39730"},{"taxonomy":"product_tag","embeddable":true,"href":"https:\/\/www.coquard.fr\/es\/wp-json\/wp\/v2\/product_tag?post=39730"}],"curies":[{"name":"wp","href":"https:\/\/api.w.org\/{rel}","templated":true}]}}