{"id":39721,"date":"2022-01-27T22:09:26","date_gmt":"2022-01-27T21:09:26","guid":{"rendered":"https:\/\/www.coquard.fr\/produit\/moule-tomme-800-grs"},"modified":"2026-01-08T15:23:27","modified_gmt":"2026-01-08T14:23:27","slug":"moule-tomme-800-grs","status":"publish","type":"product","link":"https:\/\/www.coquard.fr\/es\/produit\/moule-tomme-800-grs","title":{"rendered":"MOLDE TOMME 800 g SIN TAPA DIAM 140\/137 Al 85 mm"},"content":{"rendered":"<p>Molde para queso de pl\u00e1stico alimentario para el moldeo de quesos de tipo Tomme. Sin tapa. Di\u00e1metro superior 140 mm, di\u00e1metro inferior 137mm, altura 85 mm. Puede utilizarse con un distribuidor 043MWA. Peso del queso aproximado, se proporciona a t\u00edtulo indicativo. Referencia fabricante: 15.<\/p>\n","protected":false},"excerpt":{"rendered":"<p>39721<\/p>\n","protected":false},"featured_media":24830,"comment_status":"closed","ping_status":"closed","template":"","meta":{"_acf_changed":false},"product_brand":[],"product_cat":[1597],"product_tag":[],"class_list":{"0":"post-39721","1":"product","2":"type-product","3":"status-publish","4":"has-post-thumbnail","6":"product_cat-moldes-de-plastico","8":"first","9":"instock","10":"taxable","11":"shipping-taxable","12":"purchasable","13":"product-type-simple"},"acf":[],"_links":{"self":[{"href":"https:\/\/www.coquard.fr\/es\/wp-json\/wp\/v2\/product\/39721","targetHints":{"allow":["GET"]}}],"collection":[{"href":"https:\/\/www.coquard.fr\/es\/wp-json\/wp\/v2\/product"}],"about":[{"href":"https:\/\/www.coquard.fr\/es\/wp-json\/wp\/v2\/types\/product"}],"replies":[{"embeddable":true,"href":"https:\/\/www.coquard.fr\/es\/wp-json\/wp\/v2\/comments?post=39721"}],"wp:featuredmedia":[{"embeddable":true,"href":"https:\/\/www.coquard.fr\/es\/wp-json\/wp\/v2\/media\/24830"}],"wp:attachment":[{"href":"https:\/\/www.coquard.fr\/es\/wp-json\/wp\/v2\/media?parent=39721"}],"wp:term":[{"taxonomy":"product_brand","embeddable":true,"href":"https:\/\/www.coquard.fr\/es\/wp-json\/wp\/v2\/product_brand?post=39721"},{"taxonomy":"product_cat","embeddable":true,"href":"https:\/\/www.coquard.fr\/es\/wp-json\/wp\/v2\/product_cat?post=39721"},{"taxonomy":"product_tag","embeddable":true,"href":"https:\/\/www.coquard.fr\/es\/wp-json\/wp\/v2\/product_tag?post=39721"}],"curies":[{"name":"wp","href":"https:\/\/api.w.org\/{rel}","templated":true}]}}