{"id":39697,"date":"2022-01-27T22:09:03","date_gmt":"2022-01-27T21:09:03","guid":{"rendered":"https:\/\/www.coquard.fr\/produit\/moule-pyrenees-diam-254-ht-123-5-mm"},"modified":"2026-01-08T15:22:48","modified_gmt":"2026-01-08T14:22:48","slug":"moule-pyrenees-diam-254-ht-123-5-mm","status":"publish","type":"product","link":"https:\/\/www.coquard.fr\/es\/produit\/moule-pyrenees-diam-254-ht-123-5-mm","title":{"rendered":"MOLDE PIRINEOS DIAM 254\/254 ALTURA 120 mm"},"content":{"rendered":"<p>Molde para queso de pl\u00e1stico alimentario. Molde con tal\u00f3n redondeado. Se utiliza con la tapa de presi\u00f3n Ref. 058UMA (vendida por separado). Di\u00e1metro superior 254 mm, di\u00e1metro inferior 254 mm, altura 120 mm.<\/p>\n","protected":false},"excerpt":{"rendered":"<p>39697<\/p>\n","protected":false},"featured_media":24794,"comment_status":"closed","ping_status":"closed","template":"","meta":{"_acf_changed":false},"product_brand":[],"product_cat":[1597],"product_tag":[],"class_list":{"0":"post-39697","1":"product","2":"type-product","3":"status-publish","4":"has-post-thumbnail","6":"product_cat-moldes-de-plastico","8":"first","9":"instock","10":"taxable","11":"shipping-taxable","12":"purchasable","13":"product-type-simple"},"acf":[],"_links":{"self":[{"href":"https:\/\/www.coquard.fr\/es\/wp-json\/wp\/v2\/product\/39697","targetHints":{"allow":["GET"]}}],"collection":[{"href":"https:\/\/www.coquard.fr\/es\/wp-json\/wp\/v2\/product"}],"about":[{"href":"https:\/\/www.coquard.fr\/es\/wp-json\/wp\/v2\/types\/product"}],"replies":[{"embeddable":true,"href":"https:\/\/www.coquard.fr\/es\/wp-json\/wp\/v2\/comments?post=39697"}],"wp:featuredmedia":[{"embeddable":true,"href":"https:\/\/www.coquard.fr\/es\/wp-json\/wp\/v2\/media\/24794"}],"wp:attachment":[{"href":"https:\/\/www.coquard.fr\/es\/wp-json\/wp\/v2\/media?parent=39697"}],"wp:term":[{"taxonomy":"product_brand","embeddable":true,"href":"https:\/\/www.coquard.fr\/es\/wp-json\/wp\/v2\/product_brand?post=39697"},{"taxonomy":"product_cat","embeddable":true,"href":"https:\/\/www.coquard.fr\/es\/wp-json\/wp\/v2\/product_cat?post=39697"},{"taxonomy":"product_tag","embeddable":true,"href":"https:\/\/www.coquard.fr\/es\/wp-json\/wp\/v2\/product_tag?post=39697"}],"curies":[{"name":"wp","href":"https:\/\/api.w.org\/{rel}","templated":true}]}}