{"id":39691,"date":"2022-01-27T22:08:57","date_gmt":"2022-01-27T21:08:57","guid":{"rendered":"https:\/\/www.coquard.fr\/produit\/moule-pyrenees-diam-235-h-120"},"modified":"2026-01-08T15:22:38","modified_gmt":"2026-01-08T14:22:38","slug":"moule-pyrenees-diam-235-h-120","status":"publish","type":"product","link":"https:\/\/www.coquard.fr\/es\/produit\/moule-pyrenees-diam-235-h-120","title":{"rendered":"MOLDE PIRINEOS DIAM 235\/235 ALTURA 120mm"},"content":{"rendered":"<p>Molde para queso de pl\u00e1stico alimentario. Molde con tal\u00f3n redondeado. Se utiliza con la tapa de presi\u00f3n Ref. 058UKA (vendida por separado). Di\u00e1metro superior 235 mm, di\u00e1metro inferior 235 mm, altura 120 mm.<\/p>\n","protected":false},"excerpt":{"rendered":"<p>39691<\/p>\n","protected":false},"featured_media":13078,"comment_status":"closed","ping_status":"closed","template":"","meta":{"_acf_changed":false},"product_brand":[],"product_cat":[1597],"product_tag":[],"class_list":{"0":"post-39691","1":"product","2":"type-product","3":"status-publish","4":"has-post-thumbnail","6":"product_cat-moldes-de-plastico","8":"first","9":"instock","10":"taxable","11":"shipping-taxable","12":"purchasable","13":"product-type-simple"},"acf":[],"_links":{"self":[{"href":"https:\/\/www.coquard.fr\/es\/wp-json\/wp\/v2\/product\/39691","targetHints":{"allow":["GET"]}}],"collection":[{"href":"https:\/\/www.coquard.fr\/es\/wp-json\/wp\/v2\/product"}],"about":[{"href":"https:\/\/www.coquard.fr\/es\/wp-json\/wp\/v2\/types\/product"}],"replies":[{"embeddable":true,"href":"https:\/\/www.coquard.fr\/es\/wp-json\/wp\/v2\/comments?post=39691"}],"wp:featuredmedia":[{"embeddable":true,"href":"https:\/\/www.coquard.fr\/es\/wp-json\/wp\/v2\/media\/13078"}],"wp:attachment":[{"href":"https:\/\/www.coquard.fr\/es\/wp-json\/wp\/v2\/media?parent=39691"}],"wp:term":[{"taxonomy":"product_brand","embeddable":true,"href":"https:\/\/www.coquard.fr\/es\/wp-json\/wp\/v2\/product_brand?post=39691"},{"taxonomy":"product_cat","embeddable":true,"href":"https:\/\/www.coquard.fr\/es\/wp-json\/wp\/v2\/product_cat?post=39691"},{"taxonomy":"product_tag","embeddable":true,"href":"https:\/\/www.coquard.fr\/es\/wp-json\/wp\/v2\/product_tag?post=39691"}],"curies":[{"name":"wp","href":"https:\/\/api.w.org\/{rel}","templated":true}]}}